{"id":2043,"date":"2020-02-24T16:01:01","date_gmt":"2020-02-24T14:01:01","guid":{"rendered":"https:\/\/arenasposibles.com\/2020\/especialistas-esculturas-arena\/"},"modified":"2025-03-14T12:10:14","modified_gmt":"2025-03-14T10:10:14","slug":"especialistes-escultures-sorra","status":"publish","type":"page","link":"https:\/\/arenasposibles.com\/ca\/especialistes-escultures-sorra\/","title":{"rendered":"Serveis"},"content":{"rendered":"<div class=\"wpb-content-wrapper\"><p>[vc_row css=&#8221;.vc_custom_1584523197103{margin-bottom: 15px !important;}&#8221;][vc_column width=&#8221;2\/3&#8243;][vc_column_text]<\/p>\n<h1>Especialistes en escultures de sorra<\/h1>\n<h2>A Arenas Posibles ho fem possible<\/h2>\n<p>[\/vc_column_text][vc_column_text]A <strong>Arenas Posibles<\/strong> som <strong>especialistes en escultures de sorra<\/strong> per a tot tipus d&#8217;esdeveniments, ja sigui com un element promocional o com una activitat de team building per a empreses, tallers infantils, animaci\u00f3 de platges, festivals, exhibicions art\u00edstiques\u2026<\/p>\n<p>Com a <strong>especialistes en escultures de sorra<\/strong>, treballem a <strong>escala nacional i internacional<\/strong>, tant en <strong>interiors<\/strong> com en <strong>exteriors<\/strong>, i <strong>en qualsevol moment de l&#8217;any<\/strong>, trobant la sorra de millor qualitat all\u00e0 on anem.<\/p>\n<p>Totes les nostres creacions les fem<strong> a mida, <\/strong>amb un<strong> estil escenogr\u00e0fic molt personal <\/strong>i seguint<strong> elevats est\u00e0ndards de qualitat art\u00edstica i t\u00e8cnica<\/strong>.<\/p>\n<p><strong>Ens encanta innovar<\/strong>. A m\u00e9s de les escultures de sorra, tamb\u00e9<strong> ens atrevim amb altres t\u00e8cniques i materials<\/strong>, com el caf\u00e8, el ciment i el ferro, amb els quals hem obtingut resultats sorprenents.<\/p>\n<p>Nom\u00e9s necessitem una destinaci\u00f3 i un tema, i de la resta ens encarreguem nosaltres per oferir-te un <strong>servei integral<\/strong>.[\/vc_column_text][\/vc_column][vc_column width=&#8221;1\/3&#8243;][vc_column_text]<img loading=\"lazy\" decoding=\"async\" class=\"alignnone size-full wp-image-216\" src=\"https:\/\/arenasposibles.com\/wp-content\/uploads\/2020\/03\/img_destacada_franja1_servicios.jpg\" alt=\"\" width=\"815\" height=\"823\" srcset=\"https:\/\/arenasposibles.com\/wp-content\/uploads\/2020\/03\/img_destacada_franja1_servicios.jpg 815w, https:\/\/arenasposibles.com\/wp-content\/uploads\/2020\/03\/img_destacada_franja1_servicios-297x300.jpg 297w, https:\/\/arenasposibles.com\/wp-content\/uploads\/2020\/03\/img_destacada_franja1_servicios-150x150.jpg 150w, https:\/\/arenasposibles.com\/wp-content\/uploads\/2020\/03\/img_destacada_franja1_servicios-768x776.jpg 768w\" sizes=\"auto, (max-width: 815px) 100vw, 815px\" \/>[\/vc_column_text][\/vc_column][\/vc_row][vc_row bg_type=&#8221;image&#8221; parallax_style=&#8221;vcpb-default&#8221; bg_image_new=&#8221;id^231|url^https:\/\/arenasposibles.com\/wp-content\/uploads\/2020\/03\/franja_2_servicios-scaled.jpg|caption^null|alt^null|title^franja_2_servicios|description^null&#8221; bg_image_repeat=&#8221;no-repeat&#8221; bg_override=&#8221;full&#8221; el_class=&#8221;icones&#8221;][vc_column width=&#8221;1\/6&#8243; offset=&#8221;vc_col-xs-6&#8243;][vc_column_text]<img loading=\"lazy\" decoding=\"async\" src=\"https:\/\/arenasposibles.com\/wp-content\/uploads\/2020\/03\/ico_franja_home_1.png\" alt=\"\" width=\"100\" height=\"100\" \/><\/p>\n<p><strong>Escultures personalitzades<\/strong>[\/vc_column_text][\/vc_column][vc_column width=&#8221;1\/6&#8243; offset=&#8221;vc_col-xs-6&#8243;][vc_column_text]<img loading=\"lazy\" decoding=\"async\" src=\"https:\/\/arenasposibles.com\/wp-content\/uploads\/2020\/03\/ico_franja_home_2.png\" alt=\"\" width=\"100\" height=\"100\" \/><br \/>\n<strong>En espais interiors i exteriors<\/strong>[\/vc_column_text][\/vc_column][vc_column width=&#8221;1\/6&#8243; offset=&#8221;vc_col-xs-6&#8243;][vc_column_text]<img loading=\"lazy\" decoding=\"async\" src=\"https:\/\/arenasposibles.com\/wp-content\/uploads\/2020\/03\/ico_franja_home_3.png\" alt=\"\" width=\"100\" height=\"100\" \/><br \/>\n<strong>En qualsevol \u00e8poca de l\u2019any<\/strong>[\/vc_column_text][\/vc_column][vc_column width=&#8221;1\/6&#8243; offset=&#8221;vc_col-xs-6&#8243;][vc_column_text]<img loading=\"lazy\" decoding=\"async\" src=\"https:\/\/arenasposibles.com\/wp-content\/uploads\/2020\/03\/ico_franja_home_4.png\" alt=\"\" width=\"100\" height=\"100\" \/><br \/>\n<strong>En qualsevol lloc del m\u00f3n<\/strong>[\/vc_column_text][\/vc_column][vc_column width=&#8221;1\/6&#8243; offset=&#8221;vc_col-xs-6&#8243;][vc_column_text]<img loading=\"lazy\" decoding=\"async\" src=\"https:\/\/arenasposibles.com\/wp-content\/uploads\/2020\/03\/ico_franja_home_5.png\" alt=\"\" width=\"100\" height=\"100\" \/><br \/>\n<strong>Servei integral<\/strong>[\/vc_column_text][\/vc_column][vc_column width=&#8221;1\/6&#8243; offset=&#8221;vc_col-xs-6&#8243;][vc_column_text]<img loading=\"lazy\" decoding=\"async\" src=\"https:\/\/arenasposibles.com\/wp-content\/uploads\/2020\/03\/ico_franja_home_6.png\" alt=\"\" width=\"100\" height=\"100\" \/><br \/>\n<strong>Agilitat i comprom\u00eds<\/strong>[\/vc_column_text][\/vc_column][\/vc_row][vc_row css=&#8221;.vc_custom_1584523206389{margin-top: 15px !important;}&#8221;][vc_column][vc_column_text]<\/p>\n<h1>Escultures de sorra per a qualsevol tipus d\u2019esdeveniment<\/h1>\n<h2>El toc perfecte per deixar a tothom amb la boca oberta<\/h2>\n<p>[\/vc_column_text][vc_column_text css=&#8221;&#8221;]<div id=\"services\">\r\n    \r\n\r\n        <div class=\"service_container\">\r\n            <a href=\"https:\/\/arenasposibles.com\/ca\/tallers-innovadors-divertits-escoles\/\">\r\n\r\n                <img decoding=\"async\" src=\"https:\/\/arenasposibles.com\/wp-content\/uploads\/2020\/03\/img_grid_1.jpg\">\r\n\r\n                <div class=\"service_text1\"><p>Tallers escolars<\/p><\/div>\r\n                <div class=\"service_overlay\">\r\n                    <div class=\"service_text\" style=\"top: 50%; left: 10%; font-size: 30px; line-height: 35px; margin-top: 0;\">\r\n                        <p>\r\n                            Tallers escolars                        <\/p>\r\n                    <\/div>\r\n                <\/div>\r\n            <\/a>\r\n        <\/div>\r\n\r\n    \r\n\r\n        <div class=\"service_container\">\r\n            <a href=\"https:\/\/arenasposibles.com\/ca\/escultures-sorra-publicitat\/\">\r\n\r\n                <img decoding=\"async\" src=\"https:\/\/arenasposibles.com\/wp-content\/uploads\/2020\/03\/img_grid_2.jpg\">\r\n\r\n                <div class=\"service_text1\"><p>Publicitat<\/p><\/div>\r\n                <div class=\"service_overlay\">\r\n                    <div class=\"service_text\" style=\"top: 50%; left: 10%; font-size: 30px; line-height: 35px; margin-top: 0;\">\r\n                        <p>\r\n                            Publicitat                        <\/p>\r\n                    <\/div>\r\n                <\/div>\r\n            <\/a>\r\n        <\/div>\r\n\r\n    \r\n\r\n        <div class=\"service_container\">\r\n            <a href=\"https:\/\/arenasposibles.com\/ca\/escultures-sorra-esdeveniments-privats\/\">\r\n\r\n                <img decoding=\"async\" src=\"https:\/\/arenasposibles.com\/wp-content\/uploads\/2020\/03\/img_grid_3.jpg\">\r\n\r\n                <div class=\"service_text1\"><p>Esdeveniments privats<\/p><\/div>\r\n                <div class=\"service_overlay\">\r\n                    <div class=\"service_text\" style=\"top: 50%; left: 10%; font-size: 30px; line-height: 35px; margin-top: 0;\">\r\n                        <p>\r\n                            Esdeveniments privats                        <\/p>\r\n                    <\/div>\r\n                <\/div>\r\n            <\/a>\r\n        <\/div>\r\n\r\n    \r\n\r\n        <div class=\"service_container\">\r\n            <a href=\"https:\/\/arenasposibles.com\/ca\/escultures-sorra-esdeveniments-corporatius\/\">\r\n\r\n                <img decoding=\"async\" src=\"https:\/\/arenasposibles.com\/wp-content\/uploads\/2020\/03\/img_grid_4.jpg\">\r\n\r\n                <div class=\"service_text1\"><p>Esdeveniments corporatius<\/p><\/div>\r\n                <div class=\"service_overlay\">\r\n                    <div class=\"service_text\" style=\"top: 50%; left: 10%; font-size: 30px; line-height: 35px; margin-top: 0;\">\r\n                        <p>\r\n                            Esdeveniments corporatius                        <\/p>\r\n                    <\/div>\r\n                <\/div>\r\n            <\/a>\r\n        <\/div>\r\n\r\n    \r\n\r\n        <div class=\"service_container\">\r\n            <a href=\"https:\/\/arenasposibles.com\/ca\/team-buildings-originals-creatius-empreses\/\">\r\n\r\n                <img decoding=\"async\" src=\"https:\/\/arenasposibles.com\/wp-content\/uploads\/2020\/03\/img_grid_5.jpg\">\r\n\r\n                <div class=\"service_text1\"><p>Team buildings<\/p><\/div>\r\n                <div class=\"service_overlay\">\r\n                    <div class=\"service_text\" style=\"top: 50%; left: 10%; font-size: 30px; line-height: 35px; margin-top: 0;\">\r\n                        <p>\r\n                            Team buildings                        <\/p>\r\n                    <\/div>\r\n                <\/div>\r\n            <\/a>\r\n        <\/div>\r\n\r\n    \r\n\r\n        <div class=\"service_container\">\r\n            <a href=\"https:\/\/arenasposibles.com\/ca\/especialistas-pessebre-de-sorra\/\">\r\n\r\n                <img decoding=\"async\" src=\"https:\/\/arenasposibles.com\/wp-content\/uploads\/2020\/03\/img_grid_6.jpg\">\r\n\r\n                <div class=\"service_text1\"><p>Pessebre de sorra<\/p><\/div>\r\n                <div class=\"service_overlay\">\r\n                    <div class=\"service_text\" style=\"top: 50%; left: 10%; font-size: 30px; line-height: 35px; margin-top: 0;\">\r\n                        <p>\r\n                            Pessebre de sorra                        <\/p>\r\n                    <\/div>\r\n                <\/div>\r\n            <\/a>\r\n        <\/div>\r\n\r\n    \r\n\r\n        <div class=\"service_container\">\r\n            <a href=\"https:\/\/arenasposibles.com\/ca\/tallers-escultures-sorra-animacio-platges\/\">\r\n\r\n                <img decoding=\"async\" src=\"https:\/\/arenasposibles.com\/wp-content\/uploads\/2020\/03\/img_grid_7.jpg\">\r\n\r\n                <div class=\"service_text1\"><p>Animaci\u00f3 de platges<\/p><\/div>\r\n                <div class=\"service_overlay\">\r\n                    <div class=\"service_text\" style=\"top: 50%; left: 10%; font-size: 30px; line-height: 35px; margin-top: 0;\">\r\n                        <p>\r\n                            Animaci\u00f3 de platges                        <\/p>\r\n                    <\/div>\r\n                <\/div>\r\n            <\/a>\r\n        <\/div>\r\n\r\n    \r\n\r\n        <div class=\"service_container\">\r\n            <a href=\"https:\/\/arenasposibles.com\/ca\/festivals-trobades-escultors-sorra\/\">\r\n\r\n                <img decoding=\"async\" src=\"https:\/\/arenasposibles.com\/wp-content\/uploads\/2020\/03\/img_grid_8.jpg\">\r\n\r\n                <div class=\"service_text1\"><p>Organitzaci\u00f3 d\u2019esdeveniments de sorra<\/p><\/div>\r\n                <div class=\"service_overlay\">\r\n                    <div class=\"service_text\" style=\"top: 50%; left: 10%; font-size: 30px; line-height: 35px; margin-top: 0;\">\r\n                        <p>\r\n                            Organitzaci\u00f3 d\u2019esdeveniments de sorra                        <\/p>\r\n                    <\/div>\r\n                <\/div>\r\n            <\/a>\r\n        <\/div>\r\n\r\n    \r\n<\/div>[\/vc_column_text][\/vc_column][\/vc_row][vc_row bg_type=&#8221;image&#8221; parallax_style=&#8221;vcpb-default&#8221; bg_image_new=&#8221;id^502|url^https:\/\/arenasposibles.com\/wp-content\/uploads\/2020\/03\/franja_4_servicios-scaled.jpg|caption^null|alt^null|title^franja_4_servicios|description^null&#8221; bg_image_repeat=&#8221;no-repeat&#8221; bg_override=&#8221;full&#8221; el_id=&#8221;final_clients&#8221; el_class=&#8221;pink_links&#8221;][vc_column][vc_column_text]<\/p>\n<h2>Si vols fer alguna cosa, fes que valgui la pena<\/h2>\n<h3>\u00c9s hora de marcar la difer\u00e8ncia<\/h3>\n<p>[\/vc_column_text][vc_column_text]<\/p>\n<div class=\"cta_links\">\n<p><a href=\"https:\/\/arenasposibles.com\/contacta-arenas-posibles\/\">Contacta amb nosaltres<\/a><\/p>\n<\/div>\n<p>[\/vc_column_text][\/vc_column][\/vc_row]<\/p>\n<\/div>","protected":false},"excerpt":{"rendered":"<p>[vc_row css=&#8221;.vc_custom_1584523197103{margin-bottom: 15px !important;}&#8221;][vc_column width=&#8221;2\/3&#8243;][vc_column_text] Especialistes en escultures de sorra A Arenas Posibles ho fem possible [\/vc_column_text][vc_column_text]A Arenas Posibles som especialistes en escultures de sorra per a tot tipus d&#8217;esdeveniments, ja sigui com un element promocional o com una activitat de team building per a empreses, tallers infantils, animaci\u00f3 de platges, festivals, exhibicions art\u00edstiques\u2026 Com&hellip;<\/p>\n","protected":false},"author":1,"featured_media":3720,"parent":0,"menu_order":0,"comment_status":"closed","ping_status":"closed","template":"","meta":{"_acf_changed":false,"footnotes":""},"class_list":["post-2043","page","type-page","status-publish","has-post-thumbnail","hentry","description-off"],"acf":[],"yoast_head":"<!-- This site is optimized with the Yoast SEO plugin v26.8 - https:\/\/yoast.com\/product\/yoast-seo-wordpress\/ -->\n<title>Especialistes en escultures de sorra | Arenas Posibles<\/title>\n<meta name=\"description\" content=\"A Arenas Posibles ho fem possible, perqu\u00e8 som especialistes en escultures desorra per a tot tipus d&#039;esdeveniments. Qu\u00e8 necessites? Contacta amb nosaltres!\" \/>\n<meta name=\"robots\" content=\"index, follow, max-snippet:-1, max-image-preview:large, max-video-preview:-1\" \/>\n<link rel=\"canonical\" href=\"https:\/\/arenasposibles.com\/ca\/especialistes-escultures-sorra\/\" \/>\n<meta property=\"og:locale\" content=\"ca_ES\" \/>\n<meta property=\"og:type\" content=\"article\" \/>\n<meta property=\"og:title\" content=\"Especialistes en escultures de sorra | Arenas Posibles\" \/>\n<meta property=\"og:description\" content=\"A Arenas Posibles ho fem possible, perqu\u00e8 som especialistes en escultures desorra per a tot tipus d&#039;esdeveniments. Qu\u00e8 necessites? Contacta amb nosaltres!\" \/>\n<meta property=\"og:url\" content=\"https:\/\/arenasposibles.com\/ca\/especialistes-escultures-sorra\/\" \/>\n<meta property=\"og:site_name\" content=\"Arenas Posibles\" \/>\n<meta property=\"article:modified_time\" content=\"2025-03-14T10:10:14+00:00\" \/>\n<meta property=\"og:image\" content=\"https:\/\/arenasposibles.com\/wp-content\/uploads\/2020\/05\/plantilla_share_servicios.jpg\" \/>\n\t<meta property=\"og:image:width\" content=\"600\" \/>\n\t<meta property=\"og:image:height\" content=\"315\" \/>\n\t<meta property=\"og:image:type\" content=\"image\/jpeg\" \/>\n<meta name=\"twitter:card\" content=\"summary_large_image\" \/>\n<meta name=\"twitter:label1\" content=\"Temps estimat de lectura\" \/>\n\t<meta name=\"twitter:data1\" content=\"3 minuts\" \/>\n<script type=\"application\/ld+json\" class=\"yoast-schema-graph\">{\"@context\":\"https:\/\/schema.org\",\"@graph\":[{\"@type\":\"WebPage\",\"@id\":\"https:\/\/arenasposibles.com\/ca\/especialistes-escultures-sorra\/\",\"url\":\"https:\/\/arenasposibles.com\/ca\/especialistes-escultures-sorra\/\",\"name\":\"Especialistes en escultures de sorra | Arenas Posibles\",\"isPartOf\":{\"@id\":\"https:\/\/arenasposibles.com\/ca\/#website\"},\"primaryImageOfPage\":{\"@id\":\"https:\/\/arenasposibles.com\/ca\/especialistes-escultures-sorra\/#primaryimage\"},\"image\":{\"@id\":\"https:\/\/arenasposibles.com\/ca\/especialistes-escultures-sorra\/#primaryimage\"},\"thumbnailUrl\":\"https:\/\/arenasposibles.com\/wp-content\/uploads\/2020\/05\/plantilla_share_servicios.jpg\",\"datePublished\":\"2020-02-24T14:01:01+00:00\",\"dateModified\":\"2025-03-14T10:10:14+00:00\",\"description\":\"A Arenas Posibles ho fem possible, perqu\u00e8 som especialistes en escultures desorra per a tot tipus d'esdeveniments. Qu\u00e8 necessites? Contacta amb nosaltres!\",\"breadcrumb\":{\"@id\":\"https:\/\/arenasposibles.com\/ca\/especialistes-escultures-sorra\/#breadcrumb\"},\"inLanguage\":\"ca\",\"potentialAction\":[{\"@type\":\"ReadAction\",\"target\":[\"https:\/\/arenasposibles.com\/ca\/especialistes-escultures-sorra\/\"]}]},{\"@type\":\"ImageObject\",\"inLanguage\":\"ca\",\"@id\":\"https:\/\/arenasposibles.com\/ca\/especialistes-escultures-sorra\/#primaryimage\",\"url\":\"https:\/\/arenasposibles.com\/wp-content\/uploads\/2020\/05\/plantilla_share_servicios.jpg\",\"contentUrl\":\"https:\/\/arenasposibles.com\/wp-content\/uploads\/2020\/05\/plantilla_share_servicios.jpg\",\"width\":600,\"height\":315},{\"@type\":\"BreadcrumbList\",\"@id\":\"https:\/\/arenasposibles.com\/ca\/especialistes-escultures-sorra\/#breadcrumb\",\"itemListElement\":[{\"@type\":\"ListItem\",\"position\":1,\"name\":\"Inici\",\"item\":\"https:\/\/arenasposibles.com\/ca\/\"},{\"@type\":\"ListItem\",\"position\":2,\"name\":\"Serveis\"}]},{\"@type\":\"WebSite\",\"@id\":\"https:\/\/arenasposibles.com\/ca\/#website\",\"url\":\"https:\/\/arenasposibles.com\/ca\/\",\"name\":\"Arenas Posibles\",\"description\":\"Esculturas de arena profesionales\",\"publisher\":{\"@id\":\"https:\/\/arenasposibles.com\/ca\/#organization\"},\"potentialAction\":[{\"@type\":\"SearchAction\",\"target\":{\"@type\":\"EntryPoint\",\"urlTemplate\":\"https:\/\/arenasposibles.com\/ca\/?s={search_term_string}\"},\"query-input\":{\"@type\":\"PropertyValueSpecification\",\"valueRequired\":true,\"valueName\":\"search_term_string\"}}],\"inLanguage\":\"ca\"},{\"@type\":\"Organization\",\"@id\":\"https:\/\/arenasposibles.com\/ca\/#organization\",\"name\":\"Arenas Posibles\",\"url\":\"https:\/\/arenasposibles.com\/ca\/\",\"logo\":{\"@type\":\"ImageObject\",\"inLanguage\":\"ca\",\"@id\":\"https:\/\/arenasposibles.com\/ca\/#\/schema\/logo\/image\/\",\"url\":\"https:\/\/arenasposibles.com\/wp-content\/uploads\/2020\/02\/logo_main.png\",\"contentUrl\":\"https:\/\/arenasposibles.com\/wp-content\/uploads\/2020\/02\/logo_main.png\",\"width\":614,\"height\":251,\"caption\":\"Arenas Posibles\"},\"image\":{\"@id\":\"https:\/\/arenasposibles.com\/ca\/#\/schema\/logo\/image\/\"}}]}<\/script>\n<!-- \/ Yoast SEO plugin. -->","yoast_head_json":{"title":"Especialistes en escultures de sorra | Arenas Posibles","description":"A Arenas Posibles ho fem possible, perqu\u00e8 som especialistes en escultures desorra per a tot tipus d'esdeveniments. Qu\u00e8 necessites? Contacta amb nosaltres!","robots":{"index":"index","follow":"follow","max-snippet":"max-snippet:-1","max-image-preview":"max-image-preview:large","max-video-preview":"max-video-preview:-1"},"canonical":"https:\/\/arenasposibles.com\/ca\/especialistes-escultures-sorra\/","og_locale":"ca_ES","og_type":"article","og_title":"Especialistes en escultures de sorra | Arenas Posibles","og_description":"A Arenas Posibles ho fem possible, perqu\u00e8 som especialistes en escultures desorra per a tot tipus d'esdeveniments. Qu\u00e8 necessites? Contacta amb nosaltres!","og_url":"https:\/\/arenasposibles.com\/ca\/especialistes-escultures-sorra\/","og_site_name":"Arenas Posibles","article_modified_time":"2025-03-14T10:10:14+00:00","og_image":[{"width":600,"height":315,"url":"https:\/\/arenasposibles.com\/wp-content\/uploads\/2020\/05\/plantilla_share_servicios.jpg","type":"image\/jpeg"}],"twitter_card":"summary_large_image","twitter_misc":{"Temps estimat de lectura":"3 minuts"},"schema":{"@context":"https:\/\/schema.org","@graph":[{"@type":"WebPage","@id":"https:\/\/arenasposibles.com\/ca\/especialistes-escultures-sorra\/","url":"https:\/\/arenasposibles.com\/ca\/especialistes-escultures-sorra\/","name":"Especialistes en escultures de sorra | Arenas Posibles","isPartOf":{"@id":"https:\/\/arenasposibles.com\/ca\/#website"},"primaryImageOfPage":{"@id":"https:\/\/arenasposibles.com\/ca\/especialistes-escultures-sorra\/#primaryimage"},"image":{"@id":"https:\/\/arenasposibles.com\/ca\/especialistes-escultures-sorra\/#primaryimage"},"thumbnailUrl":"https:\/\/arenasposibles.com\/wp-content\/uploads\/2020\/05\/plantilla_share_servicios.jpg","datePublished":"2020-02-24T14:01:01+00:00","dateModified":"2025-03-14T10:10:14+00:00","description":"A Arenas Posibles ho fem possible, perqu\u00e8 som especialistes en escultures desorra per a tot tipus d'esdeveniments. Qu\u00e8 necessites? Contacta amb nosaltres!","breadcrumb":{"@id":"https:\/\/arenasposibles.com\/ca\/especialistes-escultures-sorra\/#breadcrumb"},"inLanguage":"ca","potentialAction":[{"@type":"ReadAction","target":["https:\/\/arenasposibles.com\/ca\/especialistes-escultures-sorra\/"]}]},{"@type":"ImageObject","inLanguage":"ca","@id":"https:\/\/arenasposibles.com\/ca\/especialistes-escultures-sorra\/#primaryimage","url":"https:\/\/arenasposibles.com\/wp-content\/uploads\/2020\/05\/plantilla_share_servicios.jpg","contentUrl":"https:\/\/arenasposibles.com\/wp-content\/uploads\/2020\/05\/plantilla_share_servicios.jpg","width":600,"height":315},{"@type":"BreadcrumbList","@id":"https:\/\/arenasposibles.com\/ca\/especialistes-escultures-sorra\/#breadcrumb","itemListElement":[{"@type":"ListItem","position":1,"name":"Inici","item":"https:\/\/arenasposibles.com\/ca\/"},{"@type":"ListItem","position":2,"name":"Serveis"}]},{"@type":"WebSite","@id":"https:\/\/arenasposibles.com\/ca\/#website","url":"https:\/\/arenasposibles.com\/ca\/","name":"Arenas Posibles","description":"Esculturas de arena profesionales","publisher":{"@id":"https:\/\/arenasposibles.com\/ca\/#organization"},"potentialAction":[{"@type":"SearchAction","target":{"@type":"EntryPoint","urlTemplate":"https:\/\/arenasposibles.com\/ca\/?s={search_term_string}"},"query-input":{"@type":"PropertyValueSpecification","valueRequired":true,"valueName":"search_term_string"}}],"inLanguage":"ca"},{"@type":"Organization","@id":"https:\/\/arenasposibles.com\/ca\/#organization","name":"Arenas Posibles","url":"https:\/\/arenasposibles.com\/ca\/","logo":{"@type":"ImageObject","inLanguage":"ca","@id":"https:\/\/arenasposibles.com\/ca\/#\/schema\/logo\/image\/","url":"https:\/\/arenasposibles.com\/wp-content\/uploads\/2020\/02\/logo_main.png","contentUrl":"https:\/\/arenasposibles.com\/wp-content\/uploads\/2020\/02\/logo_main.png","width":614,"height":251,"caption":"Arenas Posibles"},"image":{"@id":"https:\/\/arenasposibles.com\/ca\/#\/schema\/logo\/image\/"}}]}},"_links":{"self":[{"href":"https:\/\/arenasposibles.com\/ca\/wp-json\/wp\/v2\/pages\/2043","targetHints":{"allow":["GET"]}}],"collection":[{"href":"https:\/\/arenasposibles.com\/ca\/wp-json\/wp\/v2\/pages"}],"about":[{"href":"https:\/\/arenasposibles.com\/ca\/wp-json\/wp\/v2\/types\/page"}],"author":[{"embeddable":true,"href":"https:\/\/arenasposibles.com\/ca\/wp-json\/wp\/v2\/users\/1"}],"replies":[{"embeddable":true,"href":"https:\/\/arenasposibles.com\/ca\/wp-json\/wp\/v2\/comments?post=2043"}],"version-history":[{"count":6,"href":"https:\/\/arenasposibles.com\/ca\/wp-json\/wp\/v2\/pages\/2043\/revisions"}],"predecessor-version":[{"id":4767,"href":"https:\/\/arenasposibles.com\/ca\/wp-json\/wp\/v2\/pages\/2043\/revisions\/4767"}],"wp:featuredmedia":[{"embeddable":true,"href":"https:\/\/arenasposibles.com\/ca\/wp-json\/wp\/v2\/media\/3720"}],"wp:attachment":[{"href":"https:\/\/arenasposibles.com\/ca\/wp-json\/wp\/v2\/media?parent=2043"}],"curies":[{"name":"wp","href":"https:\/\/api.w.org\/{rel}","templated":true}]}}