{"id":2052,"date":"2020-02-24T16:01:01","date_gmt":"2020-02-24T14:01:01","guid":{"rendered":"https:\/\/arenasposibles.com\/2020\/tallers-innovadors-divertits-escoles\/"},"modified":"2025-03-14T12:10:45","modified_gmt":"2025-03-14T10:10:45","slug":"tallers-innovadors-divertits-escoles","status":"publish","type":"page","link":"https:\/\/arenasposibles.com\/ca\/tallers-innovadors-divertits-escoles\/","title":{"rendered":"Tallers escolars"},"content":{"rendered":"<div class=\"wpb-content-wrapper\"><p>[vc_row gap=&#8221;35&#8243;][vc_column width=&#8221;2\/3&#8243;][vc_column_text]<\/p>\n<h1>Tallers escolars amb escultures de sorra<\/h1>\n<h2>Una alternativa creativa i pedag\u00f2gica amb m\u00faltiples beneficis<\/h2>\n<p>[\/vc_column_text][vc_column_text]Els nostres tallers escolars s\u00f3n <strong>tallers innovadors i divertits per a escoles<\/strong>, una activitat singular que ofereix als alumnes l\u2019oportunitat de participar en una viv\u00e8ncia compartida on creen, descobreixen i desenvolupen m\u00faltiples habilitats.<\/p>\n<p>Gr\u00e0cies a aquest taller creatiu i participatiu, <strong>els alumnes s\u00f3n m\u00e9s receptius<\/strong> a internalitzar i aplicar conceptes facilitats a l\u2019aula.[\/vc_column_text][\/vc_column][vc_column width=&#8221;1\/3&#8243; el_class=&#8221;services_list&#8221;][vc_column_text]<\/p>\n<h3>Escultures d\u2019Arenas Posibles per al desenvolupament cognitiu<\/h3>\n<ul>\n<li>Augment de la creativitat<\/li>\n<li>Millora de la concentraci\u00f3 i atenci\u00f3<\/li>\n<li>Refor\u00e7 de la paci\u00e8ncia<\/li>\n<li>Potenciaci\u00f3 de la psicomotricitat<\/li>\n<li>Estimulaci\u00f3 dels sentits<\/li>\n<li>Increment de la socialitzaci\u00f3<\/li>\n<\/ul>\n<p>&nbsp;<\/p>\n<h3>Modalitats dels nostres tallers per a escoles<\/h3>\n<ul>\n<li><strong>Tallers escolars en el propi centre<\/strong><\/li>\n<li><strong>Tallers escolars a l&#8217;aire lliure<\/strong><\/li>\n<li><\/li>\n<\/ul>\n<p>&nbsp;<\/p>\n<h3>Caracter\u00edstiques del servei<\/h3>\n<p>Per a m\u00e9s detalls sobre els nostres tallers escolars, <a href=\"https:\/\/arenasposibles.com\/contacta-arenas-posibles\/\"><u>contacta amb nosaltres<\/u>!<\/a>[\/vc_column_text][\/vc_column][\/vc_row][vc_row bg_type=&#8221;image&#8221; parallax_style=&#8221;vcpb-default&#8221; bg_image_new=&#8221;id^231|url^https:\/\/arenasposibles.com\/wp-content\/uploads\/2020\/03\/franja_2_servicios-scaled.jpg|caption^null|alt^null|title^franja_2_servicios|description^null&#8221; bg_image_repeat=&#8221;no-repeat&#8221; bg_override=&#8221;full&#8221; el_class=&#8221;icones&#8221;][vc_column width=&#8221;1\/6&#8243;][vc_column_text]<img loading=\"lazy\" decoding=\"async\" src=\"https:\/\/arenasposibles.com\/wp-content\/uploads\/2020\/03\/ico_franja_home_1.png\" width=\"100\" height=\"100\" \/><\/p>\n<p><strong>Estrcutures personalitzades<\/strong>[\/vc_column_text][\/vc_column][vc_column width=&#8221;1\/6&#8243;][vc_column_text]<img loading=\"lazy\" decoding=\"async\" src=\"https:\/\/arenasposibles.com\/wp-content\/uploads\/2020\/03\/ico_franja_home_2.png\" width=\"100\" height=\"100\" \/><\/p>\n<p><strong>En espais interiors i exteriors<\/strong>[\/vc_column_text][\/vc_column][vc_column width=&#8221;1\/6&#8243;][vc_column_text]<img loading=\"lazy\" decoding=\"async\" src=\"https:\/\/arenasposibles.com\/wp-content\/uploads\/2020\/03\/ico_franja_home_3.png\" width=\"100\" height=\"100\" \/><\/p>\n<p><strong>En qualsevol \u00e8poca de l&#8217;any<\/strong>[\/vc_column_text][\/vc_column][vc_column width=&#8221;1\/6&#8243;][vc_column_text]<img loading=\"lazy\" decoding=\"async\" src=\"https:\/\/arenasposibles.com\/wp-content\/uploads\/2020\/03\/ico_franja_home_4.png\" width=\"100\" height=\"100\" \/><\/p>\n<p><strong>En qualsevol lloc del m\u00f3n<\/strong>[\/vc_column_text][\/vc_column][vc_column width=&#8221;1\/6&#8243;][vc_column_text]<img loading=\"lazy\" decoding=\"async\" src=\"https:\/\/arenasposibles.com\/wp-content\/uploads\/2020\/03\/ico_franja_home_5.png\" width=\"100\" height=\"100\" \/><\/p>\n<p><strong>Servei integral<\/strong>[\/vc_column_text][\/vc_column][vc_column width=&#8221;1\/6&#8243;][vc_column_text]<img loading=\"lazy\" decoding=\"async\" src=\"https:\/\/arenasposibles.com\/wp-content\/uploads\/2020\/03\/ico_franja_home_6.png\" width=\"100\" height=\"100\" \/><\/p>\n<p><strong>Agilitat i comprom\u00eds<\/strong>[\/vc_column_text][\/vc_column][\/vc_row][vc_row css=&#8221;.vc_custom_1585039661135{padding-top: 35px !important;padding-bottom: 35px !important;}&#8221;][vc_column][vc_column_text]<\/p>\n<h1>Fes un cop d\u2019ull al nostre portfoli<\/h1>\n<h2>de tallers innovadors i divertits per a escoles<\/h2>\n<p>[\/vc_column_text][vc_column_text css=&#8221;&#8221;]\r\n\r\n    <div class=\"clients_home\">\r\n\r\n\r\n        \r\n            <div data-jplist-item><!-- Treiem el nom de la categoria perqu\u00e8 la categoria 'publicidad' dona problemes -->\r\n                <div class=\"service_container \" style=\"max-width: 384px;\">\r\n                    <a href=\"https:\/\/arenasposibles.com\/ca\/porfolio\/origens-2025\/\" style=\"background: none; padding: 0; width: 0; border: 0; mix-blend-mode: unset;\">\r\n                        <img decoding=\"async\" src=\"https:\/\/arenasposibles.com\/wp-content\/uploads\/2026\/02\/pro_nou_4_a.jpg\" style=\"display: block; width: 100%; height: auto;\">\r\n                        <div class=\"service_overlay\">\r\n                            <div class=\"service_text\" style=\"font-weight: bold;top: 10%;margin-bottom: 30px;\">\r\n                                <img decoding=\"async\" src=\"https:\/\/arenasposibles.com\/wp-content\/uploads\/2020\/03\/img_marcador_portafoli.png\" style=\"width: 50px;\">\r\n                                <p style=\"margin-top: 20px; padding-right: 10px;\">Escultura de sal per a Or\u00edgens 2025<\/p>\r\n                            <\/div>\r\n                        <\/div>\r\n                    <\/a>\r\n                <\/div>\r\n            <\/div>\r\n        \r\n            <div data-jplist-item><!-- Treiem el nom de la categoria perqu\u00e8 la categoria 'publicidad' dona problemes -->\r\n                <div class=\"service_container \" style=\"max-width: 384px;\">\r\n                    <a href=\"https:\/\/arenasposibles.com\/ca\/porfolio\/escultura-de-sal-per-a-eufonic-2025\/\" style=\"background: none; padding: 0; width: 0; border: 0; mix-blend-mode: unset;\">\r\n                        <img decoding=\"async\" src=\"https:\/\/arenasposibles.com\/wp-content\/uploads\/2026\/02\/pro_nou_3_a.jpg\" style=\"display: block; width: 100%; height: auto;\">\r\n                        <div class=\"service_overlay\">\r\n                            <div class=\"service_text\" style=\"font-weight: bold;top: 10%;margin-bottom: 30px;\">\r\n                                <img decoding=\"async\" src=\"https:\/\/arenasposibles.com\/wp-content\/uploads\/2020\/03\/img_marcador_portafoli.png\" style=\"width: 50px;\">\r\n                                <p style=\"margin-top: 20px; padding-right: 10px;\">Escultura de sal per a Euf\u00f2nic 2025<\/p>\r\n                            <\/div>\r\n                        <\/div>\r\n                    <\/a>\r\n                <\/div>\r\n            <\/div>\r\n        \r\n            <div data-jplist-item><!-- Treiem el nom de la categoria perqu\u00e8 la categoria 'publicidad' dona problemes -->\r\n                <div class=\"service_container \" style=\"max-width: 384px;\">\r\n                    <a href=\"https:\/\/arenasposibles.com\/ca\/porfolio\/animacio-de-platja-a-casal-velino\/\" style=\"background: none; padding: 0; width: 0; border: 0; mix-blend-mode: unset;\">\r\n                        <img decoding=\"async\" src=\"https:\/\/arenasposibles.com\/wp-content\/uploads\/2026\/02\/pro_nou_2_a.jpg\" style=\"display: block; width: 100%; height: auto;\">\r\n                        <div class=\"service_overlay\">\r\n                            <div class=\"service_text\" style=\"font-weight: bold;top: 10%;margin-bottom: 30px;\">\r\n                                <img decoding=\"async\" src=\"https:\/\/arenasposibles.com\/wp-content\/uploads\/2020\/03\/img_marcador_portafoli.png\" style=\"width: 50px;\">\r\n                                <p style=\"margin-top: 20px; padding-right: 10px;\">Animaci\u00f3 de platja a Casal Velino<\/p>\r\n                            <\/div>\r\n                        <\/div>\r\n                    <\/a>\r\n                <\/div>\r\n            <\/div>\r\n        \r\n            <div data-jplist-item><!-- Treiem el nom de la categoria perqu\u00e8 la categoria 'publicidad' dona problemes -->\r\n                <div class=\"service_container \" style=\"max-width: 384px;\">\r\n                    <a href=\"https:\/\/arenasposibles.com\/ca\/porfolio\/activitats-dhivern-a-la-platja\/\" style=\"background: none; padding: 0; width: 0; border: 0; mix-blend-mode: unset;\">\r\n                        <img decoding=\"async\" src=\"https:\/\/arenasposibles.com\/wp-content\/uploads\/2026\/02\/pro_nou_1_a.jpg\" style=\"display: block; width: 100%; height: auto;\">\r\n                        <div class=\"service_overlay\">\r\n                            <div class=\"service_text\" style=\"font-weight: bold;top: 10%;margin-bottom: 30px;\">\r\n                                <img decoding=\"async\" src=\"https:\/\/arenasposibles.com\/wp-content\/uploads\/2020\/03\/img_marcador_portafoli.png\" style=\"width: 50px;\">\r\n                                <p style=\"margin-top: 20px; padding-right: 10px;\">Activitats d&#8217;hivern a la platja de Moraira<\/p>\r\n                            <\/div>\r\n                        <\/div>\r\n                    <\/a>\r\n                <\/div>\r\n            <\/div>\r\n        \r\n            <div data-jplist-item><!-- Treiem el nom de la categoria perqu\u00e8 la categoria 'publicidad' dona problemes -->\r\n                <div class=\"service_container \" style=\"max-width: 384px;\">\r\n                    <a href=\"https:\/\/arenasposibles.com\/ca\/porfolio\/territoris-habitabilitat\/\" style=\"background: none; padding: 0; width: 0; border: 0; mix-blend-mode: unset;\">\r\n                        <img decoding=\"async\" src=\"https:\/\/arenasposibles.com\/wp-content\/uploads\/2025\/04\/a_cel_obert_1.jpg\" style=\"display: block; width: 100%; height: auto;\">\r\n                        <div class=\"service_overlay\">\r\n                            <div class=\"service_text\" style=\"font-weight: bold;top: 10%;margin-bottom: 30px;\">\r\n                                <img decoding=\"async\" src=\"https:\/\/arenasposibles.com\/wp-content\/uploads\/2020\/03\/img_marcador_portafoli.png\" style=\"width: 50px;\">\r\n                                <p style=\"margin-top: 20px; padding-right: 10px;\">&#8220;Territoris d&#8217;habitabilitat&#8221; &#8211; Festival A Cel Obert 2024<\/p>\r\n                            <\/div>\r\n                        <\/div>\r\n                    <\/a>\r\n                <\/div>\r\n            <\/div>\r\n        \r\n    <\/div>\r\n[\/vc_column_text][\/vc_column][\/vc_row][vc_row bg_type=&#8221;image&#8221; parallax_style=&#8221;vcpb-default&#8221; bg_image_new=&#8221;id^502|url^https:\/\/arenasposibles.com\/wp-content\/uploads\/2020\/03\/franja_4_servicios-scaled.jpg|caption^null|alt^null|title^franja_4_servicios|description^null&#8221; bg_image_repeat=&#8221;no-repeat&#8221; bg_override=&#8221;full&#8221; el_id=&#8221;final_clients&#8221; el_class=&#8221;pink_links&#8221;][vc_column][vc_column_text]<\/p>\n<h2>Si vols fer alguna cosa, fes que valgui la pena<\/h2>\n<h3>\u00c9s hora de marcar la difer\u00e8ncia<\/h3>\n<p>[\/vc_column_text][vc_column_text]<\/p>\n<div class=\"cta_links\">\n<p><a href=\"https:\/\/arenasposibles.com\/contacta-arenas-posibles\/\">Contacta amb nosaltres<\/a><\/p>\n<\/div>\n<p>[\/vc_column_text][\/vc_column][\/vc_row]<\/p>\n<\/div>","protected":false},"excerpt":{"rendered":"<p>[vc_row gap=&#8221;35&#8243;][vc_column width=&#8221;2\/3&#8243;][vc_column_text] Tallers escolars amb escultures de sorra Una alternativa creativa i pedag\u00f2gica amb m\u00faltiples beneficis [\/vc_column_text][vc_column_text]Els nostres tallers escolars s\u00f3n tallers innovadors i divertits per a escoles, una activitat singular que ofereix als alumnes l\u2019oportunitat de participar en una viv\u00e8ncia compartida on creen, descobreixen i desenvolupen m\u00faltiples habilitats. Gr\u00e0cies a aquest taller creatiu&hellip;<\/p>\n","protected":false},"author":1,"featured_media":473,"parent":0,"menu_order":0,"comment_status":"closed","ping_status":"closed","template":"","meta":{"_acf_changed":false,"footnotes":""},"class_list":["post-2052","page","type-page","status-publish","has-post-thumbnail","hentry","dt_portfolio_category-50","description-off"],"acf":[],"yoast_head":"<!-- This site is optimized with the Yoast SEO plugin v26.8 - https:\/\/yoast.com\/product\/yoast-seo-wordpress\/ -->\n<title>Tallers innovadors i divertits per a escoles | Arenas Posibles<\/title>\n<meta name=\"description\" content=\"Els nostres tallers innovadors i divertits per a escoles s\u00f3n una gran experi\u00e8ncia d\u2019aprenentatge creatiu gr\u00e0cies a les escultures de sorra. Contacta&#039;ns!\" \/>\n<meta name=\"robots\" content=\"index, follow, max-snippet:-1, max-image-preview:large, max-video-preview:-1\" \/>\n<link rel=\"canonical\" href=\"https:\/\/arenasposibles.com\/ca\/tallers-innovadors-divertits-escoles\/\" \/>\n<meta property=\"og:locale\" content=\"ca_ES\" \/>\n<meta property=\"og:type\" content=\"article\" \/>\n<meta property=\"og:title\" content=\"Tallers innovadors i divertits per a escoles | Arenas Posibles\" \/>\n<meta property=\"og:description\" content=\"Els nostres tallers innovadors i divertits per a escoles s\u00f3n una gran experi\u00e8ncia d\u2019aprenentatge creatiu gr\u00e0cies a les escultures de sorra. Contacta&#039;ns!\" \/>\n<meta property=\"og:url\" content=\"https:\/\/arenasposibles.com\/ca\/tallers-innovadors-divertits-escoles\/\" \/>\n<meta property=\"og:site_name\" content=\"Arenas Posibles\" \/>\n<meta property=\"article:modified_time\" content=\"2025-03-14T10:10:45+00:00\" \/>\n<meta property=\"og:image\" content=\"https:\/\/arenasposibles.com\/wp-content\/uploads\/2020\/03\/img_grid_1.jpg\" \/>\n\t<meta property=\"og:image:width\" content=\"541\" \/>\n\t<meta property=\"og:image:height\" content=\"362\" \/>\n\t<meta property=\"og:image:type\" content=\"image\/jpeg\" \/>\n<meta name=\"twitter:card\" content=\"summary_large_image\" \/>\n<meta name=\"twitter:label1\" content=\"Temps estimat de lectura\" \/>\n\t<meta name=\"twitter:data1\" content=\"3 minuts\" \/>\n<script type=\"application\/ld+json\" class=\"yoast-schema-graph\">{\"@context\":\"https:\/\/schema.org\",\"@graph\":[{\"@type\":\"WebPage\",\"@id\":\"https:\/\/arenasposibles.com\/ca\/tallers-innovadors-divertits-escoles\/\",\"url\":\"https:\/\/arenasposibles.com\/ca\/tallers-innovadors-divertits-escoles\/\",\"name\":\"Tallers innovadors i divertits per a escoles | Arenas Posibles\",\"isPartOf\":{\"@id\":\"https:\/\/arenasposibles.com\/ca\/#website\"},\"primaryImageOfPage\":{\"@id\":\"https:\/\/arenasposibles.com\/ca\/tallers-innovadors-divertits-escoles\/#primaryimage\"},\"image\":{\"@id\":\"https:\/\/arenasposibles.com\/ca\/tallers-innovadors-divertits-escoles\/#primaryimage\"},\"thumbnailUrl\":\"https:\/\/arenasposibles.com\/wp-content\/uploads\/2020\/03\/img_grid_1.jpg\",\"datePublished\":\"2020-02-24T14:01:01+00:00\",\"dateModified\":\"2025-03-14T10:10:45+00:00\",\"description\":\"Els nostres tallers innovadors i divertits per a escoles s\u00f3n una gran experi\u00e8ncia d\u2019aprenentatge creatiu gr\u00e0cies a les escultures de sorra. Contacta'ns!\",\"breadcrumb\":{\"@id\":\"https:\/\/arenasposibles.com\/ca\/tallers-innovadors-divertits-escoles\/#breadcrumb\"},\"inLanguage\":\"ca\",\"potentialAction\":[{\"@type\":\"ReadAction\",\"target\":[\"https:\/\/arenasposibles.com\/ca\/tallers-innovadors-divertits-escoles\/\"]}]},{\"@type\":\"ImageObject\",\"inLanguage\":\"ca\",\"@id\":\"https:\/\/arenasposibles.com\/ca\/tallers-innovadors-divertits-escoles\/#primaryimage\",\"url\":\"https:\/\/arenasposibles.com\/wp-content\/uploads\/2020\/03\/img_grid_1.jpg\",\"contentUrl\":\"https:\/\/arenasposibles.com\/wp-content\/uploads\/2020\/03\/img_grid_1.jpg\",\"width\":541,\"height\":362},{\"@type\":\"BreadcrumbList\",\"@id\":\"https:\/\/arenasposibles.com\/ca\/tallers-innovadors-divertits-escoles\/#breadcrumb\",\"itemListElement\":[{\"@type\":\"ListItem\",\"position\":1,\"name\":\"Inici\",\"item\":\"https:\/\/arenasposibles.com\/ca\/\"},{\"@type\":\"ListItem\",\"position\":2,\"name\":\"Tallers escolars\"}]},{\"@type\":\"WebSite\",\"@id\":\"https:\/\/arenasposibles.com\/ca\/#website\",\"url\":\"https:\/\/arenasposibles.com\/ca\/\",\"name\":\"Arenas Posibles\",\"description\":\"Esculturas de arena profesionales\",\"publisher\":{\"@id\":\"https:\/\/arenasposibles.com\/ca\/#organization\"},\"potentialAction\":[{\"@type\":\"SearchAction\",\"target\":{\"@type\":\"EntryPoint\",\"urlTemplate\":\"https:\/\/arenasposibles.com\/ca\/?s={search_term_string}\"},\"query-input\":{\"@type\":\"PropertyValueSpecification\",\"valueRequired\":true,\"valueName\":\"search_term_string\"}}],\"inLanguage\":\"ca\"},{\"@type\":\"Organization\",\"@id\":\"https:\/\/arenasposibles.com\/ca\/#organization\",\"name\":\"Arenas Posibles\",\"url\":\"https:\/\/arenasposibles.com\/ca\/\",\"logo\":{\"@type\":\"ImageObject\",\"inLanguage\":\"ca\",\"@id\":\"https:\/\/arenasposibles.com\/ca\/#\/schema\/logo\/image\/\",\"url\":\"https:\/\/arenasposibles.com\/wp-content\/uploads\/2020\/02\/logo_main.png\",\"contentUrl\":\"https:\/\/arenasposibles.com\/wp-content\/uploads\/2020\/02\/logo_main.png\",\"width\":614,\"height\":251,\"caption\":\"Arenas Posibles\"},\"image\":{\"@id\":\"https:\/\/arenasposibles.com\/ca\/#\/schema\/logo\/image\/\"}}]}<\/script>\n<!-- \/ Yoast SEO plugin. -->","yoast_head_json":{"title":"Tallers innovadors i divertits per a escoles | Arenas Posibles","description":"Els nostres tallers innovadors i divertits per a escoles s\u00f3n una gran experi\u00e8ncia d\u2019aprenentatge creatiu gr\u00e0cies a les escultures de sorra. Contacta'ns!","robots":{"index":"index","follow":"follow","max-snippet":"max-snippet:-1","max-image-preview":"max-image-preview:large","max-video-preview":"max-video-preview:-1"},"canonical":"https:\/\/arenasposibles.com\/ca\/tallers-innovadors-divertits-escoles\/","og_locale":"ca_ES","og_type":"article","og_title":"Tallers innovadors i divertits per a escoles | Arenas Posibles","og_description":"Els nostres tallers innovadors i divertits per a escoles s\u00f3n una gran experi\u00e8ncia d\u2019aprenentatge creatiu gr\u00e0cies a les escultures de sorra. Contacta'ns!","og_url":"https:\/\/arenasposibles.com\/ca\/tallers-innovadors-divertits-escoles\/","og_site_name":"Arenas Posibles","article_modified_time":"2025-03-14T10:10:45+00:00","og_image":[{"width":541,"height":362,"url":"https:\/\/arenasposibles.com\/wp-content\/uploads\/2020\/03\/img_grid_1.jpg","type":"image\/jpeg"}],"twitter_card":"summary_large_image","twitter_misc":{"Temps estimat de lectura":"3 minuts"},"schema":{"@context":"https:\/\/schema.org","@graph":[{"@type":"WebPage","@id":"https:\/\/arenasposibles.com\/ca\/tallers-innovadors-divertits-escoles\/","url":"https:\/\/arenasposibles.com\/ca\/tallers-innovadors-divertits-escoles\/","name":"Tallers innovadors i divertits per a escoles | Arenas Posibles","isPartOf":{"@id":"https:\/\/arenasposibles.com\/ca\/#website"},"primaryImageOfPage":{"@id":"https:\/\/arenasposibles.com\/ca\/tallers-innovadors-divertits-escoles\/#primaryimage"},"image":{"@id":"https:\/\/arenasposibles.com\/ca\/tallers-innovadors-divertits-escoles\/#primaryimage"},"thumbnailUrl":"https:\/\/arenasposibles.com\/wp-content\/uploads\/2020\/03\/img_grid_1.jpg","datePublished":"2020-02-24T14:01:01+00:00","dateModified":"2025-03-14T10:10:45+00:00","description":"Els nostres tallers innovadors i divertits per a escoles s\u00f3n una gran experi\u00e8ncia d\u2019aprenentatge creatiu gr\u00e0cies a les escultures de sorra. Contacta'ns!","breadcrumb":{"@id":"https:\/\/arenasposibles.com\/ca\/tallers-innovadors-divertits-escoles\/#breadcrumb"},"inLanguage":"ca","potentialAction":[{"@type":"ReadAction","target":["https:\/\/arenasposibles.com\/ca\/tallers-innovadors-divertits-escoles\/"]}]},{"@type":"ImageObject","inLanguage":"ca","@id":"https:\/\/arenasposibles.com\/ca\/tallers-innovadors-divertits-escoles\/#primaryimage","url":"https:\/\/arenasposibles.com\/wp-content\/uploads\/2020\/03\/img_grid_1.jpg","contentUrl":"https:\/\/arenasposibles.com\/wp-content\/uploads\/2020\/03\/img_grid_1.jpg","width":541,"height":362},{"@type":"BreadcrumbList","@id":"https:\/\/arenasposibles.com\/ca\/tallers-innovadors-divertits-escoles\/#breadcrumb","itemListElement":[{"@type":"ListItem","position":1,"name":"Inici","item":"https:\/\/arenasposibles.com\/ca\/"},{"@type":"ListItem","position":2,"name":"Tallers escolars"}]},{"@type":"WebSite","@id":"https:\/\/arenasposibles.com\/ca\/#website","url":"https:\/\/arenasposibles.com\/ca\/","name":"Arenas Posibles","description":"Esculturas de arena profesionales","publisher":{"@id":"https:\/\/arenasposibles.com\/ca\/#organization"},"potentialAction":[{"@type":"SearchAction","target":{"@type":"EntryPoint","urlTemplate":"https:\/\/arenasposibles.com\/ca\/?s={search_term_string}"},"query-input":{"@type":"PropertyValueSpecification","valueRequired":true,"valueName":"search_term_string"}}],"inLanguage":"ca"},{"@type":"Organization","@id":"https:\/\/arenasposibles.com\/ca\/#organization","name":"Arenas Posibles","url":"https:\/\/arenasposibles.com\/ca\/","logo":{"@type":"ImageObject","inLanguage":"ca","@id":"https:\/\/arenasposibles.com\/ca\/#\/schema\/logo\/image\/","url":"https:\/\/arenasposibles.com\/wp-content\/uploads\/2020\/02\/logo_main.png","contentUrl":"https:\/\/arenasposibles.com\/wp-content\/uploads\/2020\/02\/logo_main.png","width":614,"height":251,"caption":"Arenas Posibles"},"image":{"@id":"https:\/\/arenasposibles.com\/ca\/#\/schema\/logo\/image\/"}}]}},"_links":{"self":[{"href":"https:\/\/arenasposibles.com\/ca\/wp-json\/wp\/v2\/pages\/2052","targetHints":{"allow":["GET"]}}],"collection":[{"href":"https:\/\/arenasposibles.com\/ca\/wp-json\/wp\/v2\/pages"}],"about":[{"href":"https:\/\/arenasposibles.com\/ca\/wp-json\/wp\/v2\/types\/page"}],"author":[{"embeddable":true,"href":"https:\/\/arenasposibles.com\/ca\/wp-json\/wp\/v2\/users\/1"}],"replies":[{"embeddable":true,"href":"https:\/\/arenasposibles.com\/ca\/wp-json\/wp\/v2\/comments?post=2052"}],"version-history":[{"count":2,"href":"https:\/\/arenasposibles.com\/ca\/wp-json\/wp\/v2\/pages\/2052\/revisions"}],"predecessor-version":[{"id":4770,"href":"https:\/\/arenasposibles.com\/ca\/wp-json\/wp\/v2\/pages\/2052\/revisions\/4770"}],"wp:featuredmedia":[{"embeddable":true,"href":"https:\/\/arenasposibles.com\/ca\/wp-json\/wp\/v2\/media\/473"}],"wp:attachment":[{"href":"https:\/\/arenasposibles.com\/ca\/wp-json\/wp\/v2\/media?parent=2052"}],"curies":[{"name":"wp","href":"https:\/\/api.w.org\/{rel}","templated":true}]}}