{"id":2067,"date":"2020-02-24T16:01:01","date_gmt":"2020-02-24T14:01:01","guid":{"rendered":"https:\/\/arenasposibles.com\/2020\/talleres-esculturas-arena-animacion-playas\/"},"modified":"2025-03-14T11:45:16","modified_gmt":"2025-03-14T09:45:16","slug":"tallers-escultures-sorra-animacio-platges","status":"publish","type":"page","link":"https:\/\/arenasposibles.com\/ca\/tallers-escultures-sorra-animacio-platges\/","title":{"rendered":"Animaci\u00f3 de platges"},"content":{"rendered":"<div class=\"wpb-content-wrapper\"><p>[vc_row gap=&#8221;35&#8243;][vc_column width=&#8221;2\/3&#8243;][vc_column_text]<\/p>\n<h1>Al bon temps, bona cara<\/h1>\n<h2>Promou la teva destinaci\u00f3 amb una oferta atractiva<\/h2>\n<p>[\/vc_column_text][vc_column_text]Ajuntaments, hotels, empreses d&#8217;organitzaci\u00f3 d&#8217;esdeveniments\u2026 Arriba l&#8217;estiu i, un cop m\u00e9s, no has trobat accions tur\u00edstiques realment originals? A <strong>Arenas Posibles<\/strong> et donem un cop de m\u00e0 amb els nostres <strong>tallers i escultures de sorra per a animaci\u00f3 de platges!<\/strong><\/p>\n<p>Sedueix als teus <strong>p\u00fablics de totes les edats i proced\u00e8ncies<\/strong> amb les nostres<strong> escultures de sorra i tallers populars<\/strong>. Una acci\u00f3 ideal per fer enlairar la teva destinaci\u00f3 de forma interessant i responsable.<\/p>\n<p>A m\u00e9s, <a href=\"https:\/\/arenasposibles.com\/festivales-encuentros-escultores-arena\/\"><strong><u>organitzem esdeveniments de sorra<\/u><\/strong><\/a>\u00a0, com ara festivals i trobades d&#8217;escultors, creant un <strong>espectacle visual impressionant<\/strong> que atreu l&#8217;atenci\u00f3 de turistes i locals.[\/vc_column_text][vc_video link=&#8221;https:\/\/www.youtube.com\/watch?v=pyzPV5bY6C8&#8243; el_width=&#8221;50&#8243;][\/vc_column][vc_column width=&#8221;1\/3&#8243; el_class=&#8221;services_list&#8221;][vc_column_text]<\/p>\n<h3><strong>Qu\u00e8 t\u2019oferim a Arenas Posibles? <\/strong><\/h3>\n<ul>\n<li>Tallers populars personalitzats<\/li>\n<li>Exhibicions de sorra a mida<\/li>\n<\/ul>\n<p>&nbsp;<\/p>\n<h3><strong>Caracter\u00edstiques del servei<\/strong><\/h3>\n<p>Per a m\u00e9s detalls sobre els nostres tallers i escultures de sorra per a animaci\u00f3 de platges, <a href=\"https:\/\/arenasposibles.com\/contacta-arenas-posibles\/\"><u>contacta amb nosaltres<\/u><\/a>![\/vc_column_text][\/vc_column][\/vc_row][vc_row bg_type=&#8221;image&#8221; parallax_style=&#8221;vcpb-default&#8221; bg_image_new=&#8221;id^231|url^https:\/\/arenasposibles.com\/wp-content\/uploads\/2020\/03\/franja_2_servicios-scaled.jpg|caption^null|alt^null|title^franja_2_servicios|description^null&#8221; bg_image_repeat=&#8221;no-repeat&#8221; bg_override=&#8221;full&#8221; el_class=&#8221;icones&#8221;][vc_column width=&#8221;1\/6&#8243;][vc_column_text]<img loading=\"lazy\" decoding=\"async\" src=\"https:\/\/arenasposibles.com\/wp-content\/uploads\/2020\/03\/ico_franja_home_1.png\" alt=\"\" width=\"100\" height=\"100\" \/><\/p>\n<p><strong>Escultures personalitzades<\/strong>[\/vc_column_text][\/vc_column][vc_column width=&#8221;1\/6&#8243;][vc_column_text]<img loading=\"lazy\" decoding=\"async\" src=\"https:\/\/arenasposibles.com\/wp-content\/uploads\/2020\/03\/ico_franja_home_2.png\" alt=\"\" width=\"100\" height=\"100\" \/><\/p>\n<p><strong>En espais interiors i exteriors<\/strong>[\/vc_column_text][\/vc_column][vc_column width=&#8221;1\/6&#8243;][vc_column_text]<img loading=\"lazy\" decoding=\"async\" src=\"https:\/\/arenasposibles.com\/wp-content\/uploads\/2020\/03\/ico_franja_home_3.png\" alt=\"\" width=\"100\" height=\"100\" \/><\/p>\n<p><strong>En qualsevol \u00e8poca de l&#8217;any<\/strong>[\/vc_column_text][\/vc_column][vc_column width=&#8221;1\/6&#8243;][vc_column_text]<img loading=\"lazy\" decoding=\"async\" src=\"https:\/\/arenasposibles.com\/wp-content\/uploads\/2020\/03\/ico_franja_home_4.png\" alt=\"\" width=\"100\" height=\"100\" \/><\/p>\n<p><strong>En qualsevol lloc del m\u00f3n<\/strong>[\/vc_column_text][\/vc_column][vc_column width=&#8221;1\/6&#8243;][vc_column_text]<img loading=\"lazy\" decoding=\"async\" src=\"https:\/\/arenasposibles.com\/wp-content\/uploads\/2020\/03\/ico_franja_home_5.png\" alt=\"\" width=\"100\" height=\"100\" \/><\/p>\n<p><strong>Servei integral<\/strong>[\/vc_column_text][\/vc_column][vc_column width=&#8221;1\/6&#8243;][vc_column_text]<img loading=\"lazy\" decoding=\"async\" src=\"https:\/\/arenasposibles.com\/wp-content\/uploads\/2020\/03\/ico_franja_home_6.png\" alt=\"\" width=\"100\" height=\"100\" \/><\/p>\n<p><strong>Agilitat i comprom\u00eds<\/strong>[\/vc_column_text][\/vc_column][\/vc_row][vc_row css=&#8221;.vc_custom_1585039664398{padding-top: 35px !important;padding-bottom: 35px !important;}&#8221;][vc_column][vc_column_text]<\/p>\n<h1>Fes un cop d\u2019ull al nostre portfoli<\/h1>\n<h2>de tallers i escultures de sorra per a animaci\u00f3 de platges<\/h2>\n<p>[\/vc_column_text][vc_column_text css=&#8221;&#8221;]\r\n\r\n    <div class=\"clients_home\">\r\n\r\n\r\n        \r\n            <div data-jplist-item><!-- Treiem el nom de la categoria perqu\u00e8 la categoria 'publicidad' dona problemes -->\r\n                <div class=\"service_container \" style=\"max-width: 384px;\">\r\n                    <a href=\"https:\/\/arenasposibles.com\/ca\/porfolio\/origens-2025\/\" style=\"background: none; padding: 0; width: 0; border: 0; mix-blend-mode: unset;\">\r\n                        <img decoding=\"async\" src=\"https:\/\/arenasposibles.com\/wp-content\/uploads\/2026\/02\/pro_nou_4_a.jpg\" style=\"display: block; width: 100%; height: auto;\">\r\n                        <div class=\"service_overlay\">\r\n                            <div class=\"service_text\" style=\"font-weight: bold;top: 10%;margin-bottom: 30px;\">\r\n                                <img decoding=\"async\" src=\"https:\/\/arenasposibles.com\/wp-content\/uploads\/2020\/03\/img_marcador_portafoli.png\" style=\"width: 50px;\">\r\n                                <p style=\"margin-top: 20px; padding-right: 10px;\">Escultura de sal per a Or\u00edgens 2025<\/p>\r\n                            <\/div>\r\n                        <\/div>\r\n                    <\/a>\r\n                <\/div>\r\n            <\/div>\r\n        \r\n            <div data-jplist-item><!-- Treiem el nom de la categoria perqu\u00e8 la categoria 'publicidad' dona problemes -->\r\n                <div class=\"service_container \" style=\"max-width: 384px;\">\r\n                    <a href=\"https:\/\/arenasposibles.com\/ca\/porfolio\/escultura-de-sal-per-a-eufonic-2025\/\" style=\"background: none; padding: 0; width: 0; border: 0; mix-blend-mode: unset;\">\r\n                        <img decoding=\"async\" src=\"https:\/\/arenasposibles.com\/wp-content\/uploads\/2026\/02\/pro_nou_3_a.jpg\" style=\"display: block; width: 100%; height: auto;\">\r\n                        <div class=\"service_overlay\">\r\n                            <div class=\"service_text\" style=\"font-weight: bold;top: 10%;margin-bottom: 30px;\">\r\n                                <img decoding=\"async\" src=\"https:\/\/arenasposibles.com\/wp-content\/uploads\/2020\/03\/img_marcador_portafoli.png\" style=\"width: 50px;\">\r\n                                <p style=\"margin-top: 20px; padding-right: 10px;\">Escultura de sal per a Euf\u00f2nic 2025<\/p>\r\n                            <\/div>\r\n                        <\/div>\r\n                    <\/a>\r\n                <\/div>\r\n            <\/div>\r\n        \r\n            <div data-jplist-item><!-- Treiem el nom de la categoria perqu\u00e8 la categoria 'publicidad' dona problemes -->\r\n                <div class=\"service_container \" style=\"max-width: 384px;\">\r\n                    <a href=\"https:\/\/arenasposibles.com\/ca\/porfolio\/animacio-de-platja-a-casal-velino\/\" style=\"background: none; padding: 0; width: 0; border: 0; mix-blend-mode: unset;\">\r\n                        <img decoding=\"async\" src=\"https:\/\/arenasposibles.com\/wp-content\/uploads\/2026\/02\/pro_nou_2_a.jpg\" style=\"display: block; width: 100%; height: auto;\">\r\n                        <div class=\"service_overlay\">\r\n                            <div class=\"service_text\" style=\"font-weight: bold;top: 10%;margin-bottom: 30px;\">\r\n                                <img decoding=\"async\" src=\"https:\/\/arenasposibles.com\/wp-content\/uploads\/2020\/03\/img_marcador_portafoli.png\" style=\"width: 50px;\">\r\n                                <p style=\"margin-top: 20px; padding-right: 10px;\">Animaci\u00f3 de platja a Casal Velino<\/p>\r\n                            <\/div>\r\n                        <\/div>\r\n                    <\/a>\r\n                <\/div>\r\n            <\/div>\r\n        \r\n            <div data-jplist-item><!-- Treiem el nom de la categoria perqu\u00e8 la categoria 'publicidad' dona problemes -->\r\n                <div class=\"service_container \" style=\"max-width: 384px;\">\r\n                    <a href=\"https:\/\/arenasposibles.com\/ca\/porfolio\/activitats-dhivern-a-la-platja\/\" style=\"background: none; padding: 0; width: 0; border: 0; mix-blend-mode: unset;\">\r\n                        <img decoding=\"async\" src=\"https:\/\/arenasposibles.com\/wp-content\/uploads\/2026\/02\/pro_nou_1_a.jpg\" style=\"display: block; width: 100%; height: auto;\">\r\n                        <div class=\"service_overlay\">\r\n                            <div class=\"service_text\" style=\"font-weight: bold;top: 10%;margin-bottom: 30px;\">\r\n                                <img decoding=\"async\" src=\"https:\/\/arenasposibles.com\/wp-content\/uploads\/2020\/03\/img_marcador_portafoli.png\" style=\"width: 50px;\">\r\n                                <p style=\"margin-top: 20px; padding-right: 10px;\">Activitats d&#8217;hivern a la platja de Moraira<\/p>\r\n                            <\/div>\r\n                        <\/div>\r\n                    <\/a>\r\n                <\/div>\r\n            <\/div>\r\n        \r\n            <div data-jplist-item><!-- Treiem el nom de la categoria perqu\u00e8 la categoria 'publicidad' dona problemes -->\r\n                <div class=\"service_container \" style=\"max-width: 384px;\">\r\n                    <a href=\"https:\/\/arenasposibles.com\/ca\/porfolio\/territoris-habitabilitat\/\" style=\"background: none; padding: 0; width: 0; border: 0; mix-blend-mode: unset;\">\r\n                        <img decoding=\"async\" src=\"https:\/\/arenasposibles.com\/wp-content\/uploads\/2025\/04\/a_cel_obert_1.jpg\" style=\"display: block; width: 100%; height: auto;\">\r\n                        <div class=\"service_overlay\">\r\n                            <div class=\"service_text\" style=\"font-weight: bold;top: 10%;margin-bottom: 30px;\">\r\n                                <img decoding=\"async\" src=\"https:\/\/arenasposibles.com\/wp-content\/uploads\/2020\/03\/img_marcador_portafoli.png\" style=\"width: 50px;\">\r\n                                <p style=\"margin-top: 20px; padding-right: 10px;\">&#8220;Territoris d&#8217;habitabilitat&#8221; &#8211; Festival A Cel Obert 2024<\/p>\r\n                            <\/div>\r\n                        <\/div>\r\n                    <\/a>\r\n                <\/div>\r\n            <\/div>\r\n        \r\n    <\/div>\r\n[\/vc_column_text][\/vc_column][\/vc_row][vc_row bg_type=&#8221;image&#8221; parallax_style=&#8221;vcpb-default&#8221; bg_image_new=&#8221;id^502|url^https:\/\/arenasposibles.com\/wp-content\/uploads\/2020\/03\/franja_4_servicios-scaled.jpg|caption^null|alt^null|title^franja_4_servicios|description^null&#8221; bg_image_repeat=&#8221;no-repeat&#8221; bg_override=&#8221;full&#8221; el_id=&#8221;final_clients&#8221; el_class=&#8221;pink_links&#8221;][vc_column][vc_column_text]<\/p>\n<h2>Si vols fer alguna cosa, fes que valgui la pena<\/h2>\n<h3>\u00c9s hora de marcar la difer\u00e8ncia<\/h3>\n<p>[\/vc_column_text][vc_column_text]<\/p>\n<div class=\"cta_links\">\n<div class=\"cta_links\">\n<p><a href=\"https:\/\/arenasposibles.com\/contacta-arenas-posibles\/\">Contacta amb nosaltres<\/a><\/p>\n<\/div>\n<\/div>\n<p>[\/vc_column_text][\/vc_column][\/vc_row]<\/p>\n<\/div>","protected":false},"excerpt":{"rendered":"<p>[vc_row gap=&#8221;35&#8243;][vc_column width=&#8221;2\/3&#8243;][vc_column_text] Al bon temps, bona cara Promou la teva destinaci\u00f3 amb una oferta atractiva [\/vc_column_text][vc_column_text]Ajuntaments, hotels, empreses d&#8217;organitzaci\u00f3 d&#8217;esdeveniments\u2026 Arriba l&#8217;estiu i, un cop m\u00e9s, no has trobat accions tur\u00edstiques realment originals? A Arenas Posibles et donem un cop de m\u00e0 amb els nostres tallers i escultures de sorra per a animaci\u00f3 de&hellip;<\/p>\n","protected":false},"author":1,"featured_media":491,"parent":0,"menu_order":0,"comment_status":"closed","ping_status":"closed","template":"","meta":{"_acf_changed":false,"footnotes":""},"class_list":["post-2067","page","type-page","status-publish","has-post-thumbnail","hentry","dt_portfolio_category-50","description-off"],"acf":[],"yoast_head":"<!-- This site is optimized with the Yoast SEO plugin v26.8 - https:\/\/yoast.com\/product\/yoast-seo-wordpress\/ -->\n<title>Tallers i escultures de sorra per a animaci\u00f3 de platges | Arenas Posibles<\/title>\n<meta name=\"description\" content=\"Els nostres tallers i escultures de sorra per a animaci\u00f3 de platges s\u00f3n una acci\u00f3 de promoci\u00f3 tur\u00edstica ideal per enamorar als teus visitants. Contacta&#039;ns!\" \/>\n<meta name=\"robots\" content=\"index, follow, max-snippet:-1, max-image-preview:large, max-video-preview:-1\" \/>\n<link rel=\"canonical\" href=\"https:\/\/arenasposibles.com\/ca\/tallers-escultures-sorra-animacio-platges\/\" \/>\n<meta property=\"og:locale\" content=\"ca_ES\" \/>\n<meta property=\"og:type\" content=\"article\" \/>\n<meta property=\"og:title\" content=\"Tallers i escultures de sorra per a animaci\u00f3 de platges | Arenas Posibles\" \/>\n<meta property=\"og:description\" content=\"Els nostres tallers i escultures de sorra per a animaci\u00f3 de platges s\u00f3n una acci\u00f3 de promoci\u00f3 tur\u00edstica ideal per enamorar als teus visitants. Contacta&#039;ns!\" \/>\n<meta property=\"og:url\" content=\"https:\/\/arenasposibles.com\/ca\/tallers-escultures-sorra-animacio-platges\/\" \/>\n<meta property=\"og:site_name\" content=\"Arenas Posibles\" \/>\n<meta property=\"article:modified_time\" content=\"2025-03-14T09:45:16+00:00\" \/>\n<meta property=\"og:image\" content=\"https:\/\/arenasposibles.com\/wp-content\/uploads\/2020\/03\/img_grid_7.jpg\" \/>\n\t<meta property=\"og:image:width\" content=\"541\" \/>\n\t<meta property=\"og:image:height\" content=\"362\" \/>\n\t<meta property=\"og:image:type\" content=\"image\/jpeg\" \/>\n<meta name=\"twitter:card\" content=\"summary_large_image\" \/>\n<meta name=\"twitter:label1\" content=\"Temps estimat de lectura\" \/>\n\t<meta name=\"twitter:data1\" content=\"3 minuts\" \/>\n<script type=\"application\/ld+json\" class=\"yoast-schema-graph\">{\"@context\":\"https:\/\/schema.org\",\"@graph\":[{\"@type\":\"WebPage\",\"@id\":\"https:\/\/arenasposibles.com\/ca\/tallers-escultures-sorra-animacio-platges\/\",\"url\":\"https:\/\/arenasposibles.com\/ca\/tallers-escultures-sorra-animacio-platges\/\",\"name\":\"Tallers i escultures de sorra per a animaci\u00f3 de platges | Arenas Posibles\",\"isPartOf\":{\"@id\":\"https:\/\/arenasposibles.com\/ca\/#website\"},\"primaryImageOfPage\":{\"@id\":\"https:\/\/arenasposibles.com\/ca\/tallers-escultures-sorra-animacio-platges\/#primaryimage\"},\"image\":{\"@id\":\"https:\/\/arenasposibles.com\/ca\/tallers-escultures-sorra-animacio-platges\/#primaryimage\"},\"thumbnailUrl\":\"https:\/\/arenasposibles.com\/wp-content\/uploads\/2020\/03\/img_grid_7.jpg\",\"datePublished\":\"2020-02-24T14:01:01+00:00\",\"dateModified\":\"2025-03-14T09:45:16+00:00\",\"description\":\"Els nostres tallers i escultures de sorra per a animaci\u00f3 de platges s\u00f3n una acci\u00f3 de promoci\u00f3 tur\u00edstica ideal per enamorar als teus visitants. Contacta'ns!\",\"breadcrumb\":{\"@id\":\"https:\/\/arenasposibles.com\/ca\/tallers-escultures-sorra-animacio-platges\/#breadcrumb\"},\"inLanguage\":\"ca\",\"potentialAction\":[{\"@type\":\"ReadAction\",\"target\":[\"https:\/\/arenasposibles.com\/ca\/tallers-escultures-sorra-animacio-platges\/\"]}]},{\"@type\":\"ImageObject\",\"inLanguage\":\"ca\",\"@id\":\"https:\/\/arenasposibles.com\/ca\/tallers-escultures-sorra-animacio-platges\/#primaryimage\",\"url\":\"https:\/\/arenasposibles.com\/wp-content\/uploads\/2020\/03\/img_grid_7.jpg\",\"contentUrl\":\"https:\/\/arenasposibles.com\/wp-content\/uploads\/2020\/03\/img_grid_7.jpg\",\"width\":541,\"height\":362},{\"@type\":\"BreadcrumbList\",\"@id\":\"https:\/\/arenasposibles.com\/ca\/tallers-escultures-sorra-animacio-platges\/#breadcrumb\",\"itemListElement\":[{\"@type\":\"ListItem\",\"position\":1,\"name\":\"Inici\",\"item\":\"https:\/\/arenasposibles.com\/ca\/\"},{\"@type\":\"ListItem\",\"position\":2,\"name\":\"Animaci\u00f3 de platges\"}]},{\"@type\":\"WebSite\",\"@id\":\"https:\/\/arenasposibles.com\/ca\/#website\",\"url\":\"https:\/\/arenasposibles.com\/ca\/\",\"name\":\"Arenas Posibles\",\"description\":\"Esculturas de arena profesionales\",\"publisher\":{\"@id\":\"https:\/\/arenasposibles.com\/ca\/#organization\"},\"potentialAction\":[{\"@type\":\"SearchAction\",\"target\":{\"@type\":\"EntryPoint\",\"urlTemplate\":\"https:\/\/arenasposibles.com\/ca\/?s={search_term_string}\"},\"query-input\":{\"@type\":\"PropertyValueSpecification\",\"valueRequired\":true,\"valueName\":\"search_term_string\"}}],\"inLanguage\":\"ca\"},{\"@type\":\"Organization\",\"@id\":\"https:\/\/arenasposibles.com\/ca\/#organization\",\"name\":\"Arenas Posibles\",\"url\":\"https:\/\/arenasposibles.com\/ca\/\",\"logo\":{\"@type\":\"ImageObject\",\"inLanguage\":\"ca\",\"@id\":\"https:\/\/arenasposibles.com\/ca\/#\/schema\/logo\/image\/\",\"url\":\"https:\/\/arenasposibles.com\/wp-content\/uploads\/2020\/02\/logo_main.png\",\"contentUrl\":\"https:\/\/arenasposibles.com\/wp-content\/uploads\/2020\/02\/logo_main.png\",\"width\":614,\"height\":251,\"caption\":\"Arenas Posibles\"},\"image\":{\"@id\":\"https:\/\/arenasposibles.com\/ca\/#\/schema\/logo\/image\/\"}}]}<\/script>\n<!-- \/ Yoast SEO plugin. -->","yoast_head_json":{"title":"Tallers i escultures de sorra per a animaci\u00f3 de platges | Arenas Posibles","description":"Els nostres tallers i escultures de sorra per a animaci\u00f3 de platges s\u00f3n una acci\u00f3 de promoci\u00f3 tur\u00edstica ideal per enamorar als teus visitants. Contacta'ns!","robots":{"index":"index","follow":"follow","max-snippet":"max-snippet:-1","max-image-preview":"max-image-preview:large","max-video-preview":"max-video-preview:-1"},"canonical":"https:\/\/arenasposibles.com\/ca\/tallers-escultures-sorra-animacio-platges\/","og_locale":"ca_ES","og_type":"article","og_title":"Tallers i escultures de sorra per a animaci\u00f3 de platges | Arenas Posibles","og_description":"Els nostres tallers i escultures de sorra per a animaci\u00f3 de platges s\u00f3n una acci\u00f3 de promoci\u00f3 tur\u00edstica ideal per enamorar als teus visitants. Contacta'ns!","og_url":"https:\/\/arenasposibles.com\/ca\/tallers-escultures-sorra-animacio-platges\/","og_site_name":"Arenas Posibles","article_modified_time":"2025-03-14T09:45:16+00:00","og_image":[{"width":541,"height":362,"url":"https:\/\/arenasposibles.com\/wp-content\/uploads\/2020\/03\/img_grid_7.jpg","type":"image\/jpeg"}],"twitter_card":"summary_large_image","twitter_misc":{"Temps estimat de lectura":"3 minuts"},"schema":{"@context":"https:\/\/schema.org","@graph":[{"@type":"WebPage","@id":"https:\/\/arenasposibles.com\/ca\/tallers-escultures-sorra-animacio-platges\/","url":"https:\/\/arenasposibles.com\/ca\/tallers-escultures-sorra-animacio-platges\/","name":"Tallers i escultures de sorra per a animaci\u00f3 de platges | Arenas Posibles","isPartOf":{"@id":"https:\/\/arenasposibles.com\/ca\/#website"},"primaryImageOfPage":{"@id":"https:\/\/arenasposibles.com\/ca\/tallers-escultures-sorra-animacio-platges\/#primaryimage"},"image":{"@id":"https:\/\/arenasposibles.com\/ca\/tallers-escultures-sorra-animacio-platges\/#primaryimage"},"thumbnailUrl":"https:\/\/arenasposibles.com\/wp-content\/uploads\/2020\/03\/img_grid_7.jpg","datePublished":"2020-02-24T14:01:01+00:00","dateModified":"2025-03-14T09:45:16+00:00","description":"Els nostres tallers i escultures de sorra per a animaci\u00f3 de platges s\u00f3n una acci\u00f3 de promoci\u00f3 tur\u00edstica ideal per enamorar als teus visitants. Contacta'ns!","breadcrumb":{"@id":"https:\/\/arenasposibles.com\/ca\/tallers-escultures-sorra-animacio-platges\/#breadcrumb"},"inLanguage":"ca","potentialAction":[{"@type":"ReadAction","target":["https:\/\/arenasposibles.com\/ca\/tallers-escultures-sorra-animacio-platges\/"]}]},{"@type":"ImageObject","inLanguage":"ca","@id":"https:\/\/arenasposibles.com\/ca\/tallers-escultures-sorra-animacio-platges\/#primaryimage","url":"https:\/\/arenasposibles.com\/wp-content\/uploads\/2020\/03\/img_grid_7.jpg","contentUrl":"https:\/\/arenasposibles.com\/wp-content\/uploads\/2020\/03\/img_grid_7.jpg","width":541,"height":362},{"@type":"BreadcrumbList","@id":"https:\/\/arenasposibles.com\/ca\/tallers-escultures-sorra-animacio-platges\/#breadcrumb","itemListElement":[{"@type":"ListItem","position":1,"name":"Inici","item":"https:\/\/arenasposibles.com\/ca\/"},{"@type":"ListItem","position":2,"name":"Animaci\u00f3 de platges"}]},{"@type":"WebSite","@id":"https:\/\/arenasposibles.com\/ca\/#website","url":"https:\/\/arenasposibles.com\/ca\/","name":"Arenas Posibles","description":"Esculturas de arena profesionales","publisher":{"@id":"https:\/\/arenasposibles.com\/ca\/#organization"},"potentialAction":[{"@type":"SearchAction","target":{"@type":"EntryPoint","urlTemplate":"https:\/\/arenasposibles.com\/ca\/?s={search_term_string}"},"query-input":{"@type":"PropertyValueSpecification","valueRequired":true,"valueName":"search_term_string"}}],"inLanguage":"ca"},{"@type":"Organization","@id":"https:\/\/arenasposibles.com\/ca\/#organization","name":"Arenas Posibles","url":"https:\/\/arenasposibles.com\/ca\/","logo":{"@type":"ImageObject","inLanguage":"ca","@id":"https:\/\/arenasposibles.com\/ca\/#\/schema\/logo\/image\/","url":"https:\/\/arenasposibles.com\/wp-content\/uploads\/2020\/02\/logo_main.png","contentUrl":"https:\/\/arenasposibles.com\/wp-content\/uploads\/2020\/02\/logo_main.png","width":614,"height":251,"caption":"Arenas Posibles"},"image":{"@id":"https:\/\/arenasposibles.com\/ca\/#\/schema\/logo\/image\/"}}]}},"_links":{"self":[{"href":"https:\/\/arenasposibles.com\/ca\/wp-json\/wp\/v2\/pages\/2067","targetHints":{"allow":["GET"]}}],"collection":[{"href":"https:\/\/arenasposibles.com\/ca\/wp-json\/wp\/v2\/pages"}],"about":[{"href":"https:\/\/arenasposibles.com\/ca\/wp-json\/wp\/v2\/types\/page"}],"author":[{"embeddable":true,"href":"https:\/\/arenasposibles.com\/ca\/wp-json\/wp\/v2\/users\/1"}],"replies":[{"embeddable":true,"href":"https:\/\/arenasposibles.com\/ca\/wp-json\/wp\/v2\/comments?post=2067"}],"version-history":[{"count":8,"href":"https:\/\/arenasposibles.com\/ca\/wp-json\/wp\/v2\/pages\/2067\/revisions"}],"predecessor-version":[{"id":4736,"href":"https:\/\/arenasposibles.com\/ca\/wp-json\/wp\/v2\/pages\/2067\/revisions\/4736"}],"wp:featuredmedia":[{"embeddable":true,"href":"https:\/\/arenasposibles.com\/ca\/wp-json\/wp\/v2\/media\/491"}],"wp:attachment":[{"href":"https:\/\/arenasposibles.com\/ca\/wp-json\/wp\/v2\/media?parent=2067"}],"curies":[{"name":"wp","href":"https:\/\/api.w.org\/{rel}","templated":true}]}}