{"id":2069,"date":"2020-02-24T16:01:01","date_gmt":"2020-02-24T14:01:01","guid":{"rendered":"https:\/\/arenasposibles.com\/2020\/festivales-encuentros-escultores-arena\/"},"modified":"2025-03-14T12:04:55","modified_gmt":"2025-03-14T10:04:55","slug":"festivals-trobades-escultors-sorra","status":"publish","type":"page","link":"https:\/\/arenasposibles.com\/ca\/festivals-trobades-escultors-sorra\/","title":{"rendered":"Organitzaci\u00f3 d\u2019esdeveniments de sorra"},"content":{"rendered":"<div class=\"wpb-content-wrapper\"><p>[vc_row gap=&#8221;35&#8243; css=&#8221;.vc_custom_1584528636712{padding-bottom: 15px !important;}&#8221;][vc_column width=&#8221;2\/3&#8243;][vc_column_text]<\/p>\n<h1>M\u00e9s de 200 exhibicions art\u00edstiques a m\u00e9s de 20 pa\u00efsos<\/h1>\n<h2>Professionalitzem l\u2019escultura de sorra des de 1988<\/h2>\n<p>[\/vc_column_text][vc_column_text]Des dels nostres inicis, a <strong>Arenas Posibles<\/strong> internacionalitzem i professionalitzem les escultures de sorra <strong>participant i organitzant festivals i trobades d&#8217;escultors de sorra<\/strong>, una<strong> acci\u00f3 perfecta per a la promoci\u00f3 tur\u00edstica<\/strong>.<\/p>\n<p><strong>Organitzem esdeveniments art\u00edstics arreu del m\u00f3n<\/strong>, com ara festivals i trobades d&#8217;escultors de sorra, reunint artistes internacionals especialitzats en l&#8217;escultura de sorra. El resultat \u00e9s un aut\u00e8ntic<strong> espectacle visual de talent<\/strong>, ideal per <strong>atreure l&#8217;atenci\u00f3 de p\u00fablics de totes les edats i proced\u00e8ncies<\/strong>. A m\u00e9s, tamb\u00e9 realitzem <a href=\"https:\/\/arenasposibles.com\/talleres-esculturas-arena-animacion-playas\/\"><strong><u>tallers i escultures de sorra per a animaci\u00f3 de platges<\/u><\/strong><\/a>.[\/vc_column_text][\/vc_column][vc_column width=&#8221;1\/3&#8243; el_class=&#8221;services_list&#8221;][vc_column_text]<\/p>\n<h3><strong>Qu\u00e8 t\u2019oferim a Arenas Posibles?<\/strong><\/h3>\n<ul>\n<li>Serietat, professionalitat i proactivitat<\/li>\n<li>Visualitzaci\u00f3 i anticipaci\u00f3 de les necessitats<\/li>\n<li>Capacitat d&#8217;improvisaci\u00f3 davant d&#8217;imprevistos aliens<\/li>\n<li>Seguiment abans, durant i despr\u00e9s de l&#8217;esdeveniment<\/li>\n<li>Capacitat de formar equips molt competents<\/li>\n<\/ul>\n<p>&nbsp;<\/p>\n<h3><strong>Caracter\u00edstiques del servei<\/strong><\/h3>\n<p>Vols organitzar una exhibici\u00f3 d\u2019escultures de sorra o una trobada d\u2019escultors d\u2019arena? <a href=\"https:\/\/arenasposibles.com\/contacta-arenas-posibles\/\"><u>Contacta amb nosaltres<\/u><\/a>![\/vc_column_text][\/vc_column][\/vc_row][vc_row bg_type=&#8221;bg_color&#8221; bg_override=&#8221;full&#8221; css=&#8221;.vc_custom_1585040723434{padding-top: 15px !important;padding-bottom: 15px !important;}&#8221; bg_color_value=&#8221;#ecebeb&#8221;][vc_column width=&#8221;2\/3&#8243; el_class=&#8221;prizes1&#8243;][vc_column_text]<\/p>\n<h3><strong>Premis obtinguts per Arenas Posibles<\/strong><\/h3>\n<ul>\n<li>1r premi &#8211; <strong>Trobada Europea d&#8217;Escultors de Sorra de Zandvoort <\/strong>(Holanda, 2018)<\/li>\n<li>1r premi &#8211; <strong>Canadian National Exhibition<\/strong> (Canad\u00e0, 2016)<\/li>\n<li>3r premi &#8211; <strong>Trobada Europea d&#8217;Escultors de Sorra de Zandvoort<\/strong> (Holanda, 2014)<\/li>\n<li>2n premi &#8211;<strong> Zhoushan International Sand Sculpture Festival<\/strong> (Xina, 2008)<\/li>\n<li>3r premi &#8211; <strong>Zhoushan International Sand Sculpture Festival<\/strong> (Xina, 2007)<\/li>\n<li>3r premi &#8211; <strong>Concurs Internacional de Hainan<\/strong> (Xina, 2006)<\/li>\n<li>Premi del P\u00fablic &#8211;<strong> II Trobada Europea d&#8217;Escultors de Sorra de Vinar\u00f2s<\/strong> (Espanya, 2005)<\/li>\n<li>1r premi &#8211;<strong> I Trobada Europea d&#8217;Escultors de Sorra de Valladolid<\/strong> (Espanya, 2002)<\/li>\n<li>2n premi &#8211; <strong>III Certamen de Hardelot<\/strong> (Fran\u00e7a, 2002)<\/li>\n<li>1r premi &#8211;<strong> IV Certamen de Maspalomas<\/strong> (Espanya, 2001)<\/li>\n<li>4t premi &#8211;<strong> I Certamen de Harledot<\/strong> (Fran\u00e7a, 2000)<\/li>\n<li>1r premi &#8211; <strong>III Certamen de Les Palmes de Gran Can\u00e0ria<\/strong> (Espanya, 1999)<\/li>\n<li>3r premi &#8211;<strong> Festival Tranum Strand<\/strong> (Dinamarca, 1997)<\/li>\n<\/ul>\n<p>[\/vc_column_text][\/vc_column][vc_column width=&#8221;1\/3&#8243; el_class=&#8221;prizes2&#8243;][vc_column_text]<\/p>\n<h3><strong>Festivals organitzats per Arenas Posibles <\/strong><\/h3>\n<ul>\n<li><strong>Trobada Europea d&#8217;Escultors de Sorra d\u2019Alaior<\/strong> (Illes Balears)<\/li>\n<li><strong>Trobada Europea d&#8217;Escultors de Laredo<\/strong> (Cant\u00e0bria)<\/li>\n<li><strong>Trobada Europea d&#8217;Escultors de Sorra d\u2019Islantilla<\/strong> (Andalusia)<\/li>\n<li><strong>Trobada Europea d&#8217;Escultors de Sorra de Valladolid<\/strong> (Castella i Lle\u00f3)<\/li>\n<li><strong>VI Trobada Europea d&#8217;Escultors de Figures de Sorra de Vinar\u00f2s<\/strong> (Comunitat Valenciana)<\/li>\n<li><strong>Tiki Beach Festival de Rimini<\/strong> (It\u00e0lia)<\/li>\n<\/ul>\n<p>[\/vc_column_text][\/vc_column][\/vc_row][vc_row bg_type=&#8221;image&#8221; parallax_style=&#8221;vcpb-default&#8221; bg_image_new=&#8221;id^231|url^https:\/\/arenasposibles.com\/wp-content\/uploads\/2020\/03\/franja_2_servicios-scaled.jpg|caption^null|alt^null|title^franja_2_servicios|description^null&#8221; bg_image_repeat=&#8221;no-repeat&#8221; bg_override=&#8221;full&#8221; el_class=&#8221;icones&#8221;][vc_column width=&#8221;1\/6&#8243;][vc_column_text]<img loading=\"lazy\" decoding=\"async\" src=\"https:\/\/arenasposibles.com\/wp-content\/uploads\/2020\/03\/ico_franja_home_1.png\" alt=\"\" width=\"100\" height=\"100\" \/><\/p>\n<p><strong>Escultures personalitzades<\/strong>[\/vc_column_text][\/vc_column][vc_column width=&#8221;1\/6&#8243;][vc_column_text]<img loading=\"lazy\" decoding=\"async\" src=\"https:\/\/arenasposibles.com\/wp-content\/uploads\/2020\/03\/ico_franja_home_2.png\" alt=\"\" width=\"100\" height=\"100\" \/><\/p>\n<p><strong>En espais interiors i exteriors<\/strong>[\/vc_column_text][\/vc_column][vc_column width=&#8221;1\/6&#8243;][vc_column_text]<img loading=\"lazy\" decoding=\"async\" src=\"https:\/\/arenasposibles.com\/wp-content\/uploads\/2020\/03\/ico_franja_home_3.png\" alt=\"\" width=\"100\" height=\"100\" \/><\/p>\n<p><strong>En qualsevol \u00e8poca de l&#8217;any<\/strong>[\/vc_column_text][\/vc_column][vc_column width=&#8221;1\/6&#8243;][vc_column_text]<img loading=\"lazy\" decoding=\"async\" src=\"https:\/\/arenasposibles.com\/wp-content\/uploads\/2020\/03\/ico_franja_home_4.png\" alt=\"\" width=\"100\" height=\"100\" \/><\/p>\n<p><strong>En qualsevol lloc del m\u00f3n<\/strong>[\/vc_column_text][\/vc_column][vc_column width=&#8221;1\/6&#8243;][vc_column_text]<img loading=\"lazy\" decoding=\"async\" src=\"https:\/\/arenasposibles.com\/wp-content\/uploads\/2020\/03\/ico_franja_home_5.png\" alt=\"\" width=\"100\" height=\"100\" \/><\/p>\n<p><strong>Servei integral<\/strong>[\/vc_column_text][\/vc_column][vc_column width=&#8221;1\/6&#8243;][vc_column_text]<img loading=\"lazy\" decoding=\"async\" src=\"https:\/\/arenasposibles.com\/wp-content\/uploads\/2020\/03\/ico_franja_home_6.png\" alt=\"\" width=\"100\" height=\"100\" \/><\/p>\n<p><strong>Agilitat i comprom\u00eds<\/strong>[\/vc_column_text][\/vc_column][\/vc_row][vc_row css=&#8221;.vc_custom_1585039659914{padding-top: 35px !important;padding-bottom: 35px !important;}&#8221;][vc_column][vc_column_text]<\/p>\n<h1>Fes un cop d\u2019ull al nostre portfoli<\/h1>\n<h2>de festivals i trobades d\u2019escultors de sorra<\/h2>\n<p>[\/vc_column_text][vc_column_text css=&#8221;&#8221;]\r\n\r\n    <div class=\"clients_home\">\r\n\r\n\r\n        \r\n            <div data-jplist-item><!-- Treiem el nom de la categoria perqu\u00e8 la categoria 'publicidad' dona problemes -->\r\n                <div class=\"service_container \" style=\"max-width: 384px;\">\r\n                    <a href=\"https:\/\/arenasposibles.com\/ca\/porfolio\/origens-2025\/\" style=\"background: none; padding: 0; width: 0; border: 0; mix-blend-mode: unset;\">\r\n                        <img decoding=\"async\" src=\"https:\/\/arenasposibles.com\/wp-content\/uploads\/2026\/02\/pro_nou_4_a.jpg\" style=\"display: block; width: 100%; height: auto;\">\r\n                        <div class=\"service_overlay\">\r\n                            <div class=\"service_text\" style=\"font-weight: bold;top: 10%;margin-bottom: 30px;\">\r\n                                <img decoding=\"async\" src=\"https:\/\/arenasposibles.com\/wp-content\/uploads\/2020\/03\/img_marcador_portafoli.png\" style=\"width: 50px;\">\r\n                                <p style=\"margin-top: 20px; padding-right: 10px;\">Escultura de sal per a Or\u00edgens 2025<\/p>\r\n                            <\/div>\r\n                        <\/div>\r\n                    <\/a>\r\n                <\/div>\r\n            <\/div>\r\n        \r\n            <div data-jplist-item><!-- Treiem el nom de la categoria perqu\u00e8 la categoria 'publicidad' dona problemes -->\r\n                <div class=\"service_container \" style=\"max-width: 384px;\">\r\n                    <a href=\"https:\/\/arenasposibles.com\/ca\/porfolio\/escultura-de-sal-per-a-eufonic-2025\/\" style=\"background: none; padding: 0; width: 0; border: 0; mix-blend-mode: unset;\">\r\n                        <img decoding=\"async\" src=\"https:\/\/arenasposibles.com\/wp-content\/uploads\/2026\/02\/pro_nou_3_a.jpg\" style=\"display: block; width: 100%; height: auto;\">\r\n                        <div class=\"service_overlay\">\r\n                            <div class=\"service_text\" style=\"font-weight: bold;top: 10%;margin-bottom: 30px;\">\r\n                                <img decoding=\"async\" src=\"https:\/\/arenasposibles.com\/wp-content\/uploads\/2020\/03\/img_marcador_portafoli.png\" style=\"width: 50px;\">\r\n                                <p style=\"margin-top: 20px; padding-right: 10px;\">Escultura de sal per a Euf\u00f2nic 2025<\/p>\r\n                            <\/div>\r\n                        <\/div>\r\n                    <\/a>\r\n                <\/div>\r\n            <\/div>\r\n        \r\n            <div data-jplist-item><!-- Treiem el nom de la categoria perqu\u00e8 la categoria 'publicidad' dona problemes -->\r\n                <div class=\"service_container \" style=\"max-width: 384px;\">\r\n                    <a href=\"https:\/\/arenasposibles.com\/ca\/porfolio\/animacio-de-platja-a-casal-velino\/\" style=\"background: none; padding: 0; width: 0; border: 0; mix-blend-mode: unset;\">\r\n                        <img decoding=\"async\" src=\"https:\/\/arenasposibles.com\/wp-content\/uploads\/2026\/02\/pro_nou_2_a.jpg\" style=\"display: block; width: 100%; height: auto;\">\r\n                        <div class=\"service_overlay\">\r\n                            <div class=\"service_text\" style=\"font-weight: bold;top: 10%;margin-bottom: 30px;\">\r\n                                <img decoding=\"async\" src=\"https:\/\/arenasposibles.com\/wp-content\/uploads\/2020\/03\/img_marcador_portafoli.png\" style=\"width: 50px;\">\r\n                                <p style=\"margin-top: 20px; padding-right: 10px;\">Animaci\u00f3 de platja a Casal Velino<\/p>\r\n                            <\/div>\r\n                        <\/div>\r\n                    <\/a>\r\n                <\/div>\r\n            <\/div>\r\n        \r\n            <div data-jplist-item><!-- Treiem el nom de la categoria perqu\u00e8 la categoria 'publicidad' dona problemes -->\r\n                <div class=\"service_container \" style=\"max-width: 384px;\">\r\n                    <a href=\"https:\/\/arenasposibles.com\/ca\/porfolio\/activitats-dhivern-a-la-platja\/\" style=\"background: none; padding: 0; width: 0; border: 0; mix-blend-mode: unset;\">\r\n                        <img decoding=\"async\" src=\"https:\/\/arenasposibles.com\/wp-content\/uploads\/2026\/02\/pro_nou_1_a.jpg\" style=\"display: block; width: 100%; height: auto;\">\r\n                        <div class=\"service_overlay\">\r\n                            <div class=\"service_text\" style=\"font-weight: bold;top: 10%;margin-bottom: 30px;\">\r\n                                <img decoding=\"async\" src=\"https:\/\/arenasposibles.com\/wp-content\/uploads\/2020\/03\/img_marcador_portafoli.png\" style=\"width: 50px;\">\r\n                                <p style=\"margin-top: 20px; padding-right: 10px;\">Activitats d&#8217;hivern a la platja de Moraira<\/p>\r\n                            <\/div>\r\n                        <\/div>\r\n                    <\/a>\r\n                <\/div>\r\n            <\/div>\r\n        \r\n            <div data-jplist-item><!-- Treiem el nom de la categoria perqu\u00e8 la categoria 'publicidad' dona problemes -->\r\n                <div class=\"service_container \" style=\"max-width: 384px;\">\r\n                    <a href=\"https:\/\/arenasposibles.com\/ca\/porfolio\/territoris-habitabilitat\/\" style=\"background: none; padding: 0; width: 0; border: 0; mix-blend-mode: unset;\">\r\n                        <img decoding=\"async\" src=\"https:\/\/arenasposibles.com\/wp-content\/uploads\/2025\/04\/a_cel_obert_1.jpg\" style=\"display: block; width: 100%; height: auto;\">\r\n                        <div class=\"service_overlay\">\r\n                            <div class=\"service_text\" style=\"font-weight: bold;top: 10%;margin-bottom: 30px;\">\r\n                                <img decoding=\"async\" src=\"https:\/\/arenasposibles.com\/wp-content\/uploads\/2020\/03\/img_marcador_portafoli.png\" style=\"width: 50px;\">\r\n                                <p style=\"margin-top: 20px; padding-right: 10px;\">&#8220;Territoris d&#8217;habitabilitat&#8221; &#8211; Festival A Cel Obert 2024<\/p>\r\n                            <\/div>\r\n                        <\/div>\r\n                    <\/a>\r\n                <\/div>\r\n            <\/div>\r\n        \r\n    <\/div>\r\n[\/vc_column_text][\/vc_column][\/vc_row][vc_row bg_type=&#8221;image&#8221; parallax_style=&#8221;vcpb-default&#8221; bg_image_new=&#8221;id^502|url^https:\/\/arenasposibles.com\/wp-content\/uploads\/2020\/03\/franja_4_servicios-scaled.jpg|caption^null|alt^null|title^franja_4_servicios|description^null&#8221; bg_image_repeat=&#8221;no-repeat&#8221; bg_override=&#8221;full&#8221; el_id=&#8221;final_clients&#8221; el_class=&#8221;pink_links&#8221;][vc_column][vc_column_text]<\/p>\n<h2>Si vols fer alguna cosa, fes que valgui la pena<\/h2>\n<h3>\u00c9s hora de marcar la difer\u00e8ncia<\/h3>\n<p>[\/vc_column_text][vc_column_text]<\/p>\n<div class=\"cta_links\">\n<div class=\"cta_links\">\n<p><a href=\"https:\/\/arenasposibles.com\/contacta-arenas-posibles\/\">Contacta amb nosaltres<\/a><\/p>\n<\/div>\n<\/div>\n<p>[\/vc_column_text][\/vc_column][\/vc_row]<\/p>\n<\/div>","protected":false},"excerpt":{"rendered":"<p>[vc_row gap=&#8221;35&#8243; css=&#8221;.vc_custom_1584528636712{padding-bottom: 15px !important;}&#8221;][vc_column width=&#8221;2\/3&#8243;][vc_column_text] M\u00e9s de 200 exhibicions art\u00edstiques a m\u00e9s de 20 pa\u00efsos Professionalitzem l\u2019escultura de sorra des de 1988 [\/vc_column_text][vc_column_text]Des dels nostres inicis, a Arenas Posibles internacionalitzem i professionalitzem les escultures de sorra participant i organitzant festivals i trobades d&#8217;escultors de sorra, una acci\u00f3 perfecta per a la promoci\u00f3 tur\u00edstica. Organitzem&hellip;<\/p>\n","protected":false},"author":1,"featured_media":470,"parent":0,"menu_order":0,"comment_status":"closed","ping_status":"closed","template":"","meta":{"_acf_changed":false,"footnotes":""},"class_list":["post-2069","page","type-page","status-publish","has-post-thumbnail","hentry","dt_portfolio_category-50","description-off"],"acf":[],"yoast_head":"<!-- This site is optimized with the Yoast SEO plugin v26.8 - https:\/\/yoast.com\/product\/yoast-seo-wordpress\/ -->\n<title>Festivals i trobades d\u2019escultors de sorra | Arenas Posibles<\/title>\n<meta name=\"description\" content=\"Busques organitzadors experts en festivals i trobades de sorra? A Arenas Posibles t&#039;oferim experi\u00e8ncia, comprom\u00eds i qualitat. Contacta amb nosaltres.\" \/>\n<meta name=\"robots\" content=\"index, follow, max-snippet:-1, max-image-preview:large, max-video-preview:-1\" \/>\n<link rel=\"canonical\" href=\"https:\/\/arenasposibles.com\/ca\/festivals-trobades-escultors-sorra\/\" \/>\n<meta property=\"og:locale\" content=\"ca_ES\" \/>\n<meta property=\"og:type\" content=\"article\" \/>\n<meta property=\"og:title\" content=\"Festivals i trobades d\u2019escultors de sorra | Arenas Posibles\" \/>\n<meta property=\"og:description\" content=\"Busques organitzadors experts en festivals i trobades de sorra? A Arenas Posibles t&#039;oferim experi\u00e8ncia, comprom\u00eds i qualitat. Contacta amb nosaltres.\" \/>\n<meta property=\"og:url\" content=\"https:\/\/arenasposibles.com\/ca\/festivals-trobades-escultors-sorra\/\" \/>\n<meta property=\"og:site_name\" content=\"Arenas Posibles\" \/>\n<meta property=\"article:modified_time\" content=\"2025-03-14T10:04:55+00:00\" \/>\n<meta property=\"og:image\" content=\"https:\/\/arenasposibles.com\/wp-content\/uploads\/2020\/03\/img_grid_8.jpg\" \/>\n\t<meta property=\"og:image:width\" content=\"541\" \/>\n\t<meta property=\"og:image:height\" content=\"362\" \/>\n\t<meta property=\"og:image:type\" content=\"image\/jpeg\" \/>\n<meta name=\"twitter:card\" content=\"summary_large_image\" \/>\n<meta name=\"twitter:label1\" content=\"Temps estimat de lectura\" \/>\n\t<meta name=\"twitter:data1\" content=\"4 minuts\" \/>\n<script type=\"application\/ld+json\" class=\"yoast-schema-graph\">{\"@context\":\"https:\/\/schema.org\",\"@graph\":[{\"@type\":\"WebPage\",\"@id\":\"https:\/\/arenasposibles.com\/ca\/festivals-trobades-escultors-sorra\/\",\"url\":\"https:\/\/arenasposibles.com\/ca\/festivals-trobades-escultors-sorra\/\",\"name\":\"Festivals i trobades d\u2019escultors de sorra | Arenas Posibles\",\"isPartOf\":{\"@id\":\"https:\/\/arenasposibles.com\/ca\/#website\"},\"primaryImageOfPage\":{\"@id\":\"https:\/\/arenasposibles.com\/ca\/festivals-trobades-escultors-sorra\/#primaryimage\"},\"image\":{\"@id\":\"https:\/\/arenasposibles.com\/ca\/festivals-trobades-escultors-sorra\/#primaryimage\"},\"thumbnailUrl\":\"https:\/\/arenasposibles.com\/wp-content\/uploads\/2020\/03\/img_grid_8.jpg\",\"datePublished\":\"2020-02-24T14:01:01+00:00\",\"dateModified\":\"2025-03-14T10:04:55+00:00\",\"description\":\"Busques organitzadors experts en festivals i trobades de sorra? A Arenas Posibles t'oferim experi\u00e8ncia, comprom\u00eds i qualitat. Contacta amb nosaltres.\",\"breadcrumb\":{\"@id\":\"https:\/\/arenasposibles.com\/ca\/festivals-trobades-escultors-sorra\/#breadcrumb\"},\"inLanguage\":\"ca\",\"potentialAction\":[{\"@type\":\"ReadAction\",\"target\":[\"https:\/\/arenasposibles.com\/ca\/festivals-trobades-escultors-sorra\/\"]}]},{\"@type\":\"ImageObject\",\"inLanguage\":\"ca\",\"@id\":\"https:\/\/arenasposibles.com\/ca\/festivals-trobades-escultors-sorra\/#primaryimage\",\"url\":\"https:\/\/arenasposibles.com\/wp-content\/uploads\/2020\/03\/img_grid_8.jpg\",\"contentUrl\":\"https:\/\/arenasposibles.com\/wp-content\/uploads\/2020\/03\/img_grid_8.jpg\",\"width\":541,\"height\":362},{\"@type\":\"BreadcrumbList\",\"@id\":\"https:\/\/arenasposibles.com\/ca\/festivals-trobades-escultors-sorra\/#breadcrumb\",\"itemListElement\":[{\"@type\":\"ListItem\",\"position\":1,\"name\":\"Inici\",\"item\":\"https:\/\/arenasposibles.com\/ca\/\"},{\"@type\":\"ListItem\",\"position\":2,\"name\":\"Organitzaci\u00f3 d\u2019esdeveniments de sorra\"}]},{\"@type\":\"WebSite\",\"@id\":\"https:\/\/arenasposibles.com\/ca\/#website\",\"url\":\"https:\/\/arenasposibles.com\/ca\/\",\"name\":\"Arenas Posibles\",\"description\":\"Esculturas de arena profesionales\",\"publisher\":{\"@id\":\"https:\/\/arenasposibles.com\/ca\/#organization\"},\"potentialAction\":[{\"@type\":\"SearchAction\",\"target\":{\"@type\":\"EntryPoint\",\"urlTemplate\":\"https:\/\/arenasposibles.com\/ca\/?s={search_term_string}\"},\"query-input\":{\"@type\":\"PropertyValueSpecification\",\"valueRequired\":true,\"valueName\":\"search_term_string\"}}],\"inLanguage\":\"ca\"},{\"@type\":\"Organization\",\"@id\":\"https:\/\/arenasposibles.com\/ca\/#organization\",\"name\":\"Arenas Posibles\",\"url\":\"https:\/\/arenasposibles.com\/ca\/\",\"logo\":{\"@type\":\"ImageObject\",\"inLanguage\":\"ca\",\"@id\":\"https:\/\/arenasposibles.com\/ca\/#\/schema\/logo\/image\/\",\"url\":\"https:\/\/arenasposibles.com\/wp-content\/uploads\/2020\/02\/logo_main.png\",\"contentUrl\":\"https:\/\/arenasposibles.com\/wp-content\/uploads\/2020\/02\/logo_main.png\",\"width\":614,\"height\":251,\"caption\":\"Arenas Posibles\"},\"image\":{\"@id\":\"https:\/\/arenasposibles.com\/ca\/#\/schema\/logo\/image\/\"}}]}<\/script>\n<!-- \/ Yoast SEO plugin. -->","yoast_head_json":{"title":"Festivals i trobades d\u2019escultors de sorra | Arenas Posibles","description":"Busques organitzadors experts en festivals i trobades de sorra? A Arenas Posibles t'oferim experi\u00e8ncia, comprom\u00eds i qualitat. Contacta amb nosaltres.","robots":{"index":"index","follow":"follow","max-snippet":"max-snippet:-1","max-image-preview":"max-image-preview:large","max-video-preview":"max-video-preview:-1"},"canonical":"https:\/\/arenasposibles.com\/ca\/festivals-trobades-escultors-sorra\/","og_locale":"ca_ES","og_type":"article","og_title":"Festivals i trobades d\u2019escultors de sorra | Arenas Posibles","og_description":"Busques organitzadors experts en festivals i trobades de sorra? A Arenas Posibles t'oferim experi\u00e8ncia, comprom\u00eds i qualitat. Contacta amb nosaltres.","og_url":"https:\/\/arenasposibles.com\/ca\/festivals-trobades-escultors-sorra\/","og_site_name":"Arenas Posibles","article_modified_time":"2025-03-14T10:04:55+00:00","og_image":[{"width":541,"height":362,"url":"https:\/\/arenasposibles.com\/wp-content\/uploads\/2020\/03\/img_grid_8.jpg","type":"image\/jpeg"}],"twitter_card":"summary_large_image","twitter_misc":{"Temps estimat de lectura":"4 minuts"},"schema":{"@context":"https:\/\/schema.org","@graph":[{"@type":"WebPage","@id":"https:\/\/arenasposibles.com\/ca\/festivals-trobades-escultors-sorra\/","url":"https:\/\/arenasposibles.com\/ca\/festivals-trobades-escultors-sorra\/","name":"Festivals i trobades d\u2019escultors de sorra | Arenas Posibles","isPartOf":{"@id":"https:\/\/arenasposibles.com\/ca\/#website"},"primaryImageOfPage":{"@id":"https:\/\/arenasposibles.com\/ca\/festivals-trobades-escultors-sorra\/#primaryimage"},"image":{"@id":"https:\/\/arenasposibles.com\/ca\/festivals-trobades-escultors-sorra\/#primaryimage"},"thumbnailUrl":"https:\/\/arenasposibles.com\/wp-content\/uploads\/2020\/03\/img_grid_8.jpg","datePublished":"2020-02-24T14:01:01+00:00","dateModified":"2025-03-14T10:04:55+00:00","description":"Busques organitzadors experts en festivals i trobades de sorra? A Arenas Posibles t'oferim experi\u00e8ncia, comprom\u00eds i qualitat. Contacta amb nosaltres.","breadcrumb":{"@id":"https:\/\/arenasposibles.com\/ca\/festivals-trobades-escultors-sorra\/#breadcrumb"},"inLanguage":"ca","potentialAction":[{"@type":"ReadAction","target":["https:\/\/arenasposibles.com\/ca\/festivals-trobades-escultors-sorra\/"]}]},{"@type":"ImageObject","inLanguage":"ca","@id":"https:\/\/arenasposibles.com\/ca\/festivals-trobades-escultors-sorra\/#primaryimage","url":"https:\/\/arenasposibles.com\/wp-content\/uploads\/2020\/03\/img_grid_8.jpg","contentUrl":"https:\/\/arenasposibles.com\/wp-content\/uploads\/2020\/03\/img_grid_8.jpg","width":541,"height":362},{"@type":"BreadcrumbList","@id":"https:\/\/arenasposibles.com\/ca\/festivals-trobades-escultors-sorra\/#breadcrumb","itemListElement":[{"@type":"ListItem","position":1,"name":"Inici","item":"https:\/\/arenasposibles.com\/ca\/"},{"@type":"ListItem","position":2,"name":"Organitzaci\u00f3 d\u2019esdeveniments de sorra"}]},{"@type":"WebSite","@id":"https:\/\/arenasposibles.com\/ca\/#website","url":"https:\/\/arenasposibles.com\/ca\/","name":"Arenas Posibles","description":"Esculturas de arena profesionales","publisher":{"@id":"https:\/\/arenasposibles.com\/ca\/#organization"},"potentialAction":[{"@type":"SearchAction","target":{"@type":"EntryPoint","urlTemplate":"https:\/\/arenasposibles.com\/ca\/?s={search_term_string}"},"query-input":{"@type":"PropertyValueSpecification","valueRequired":true,"valueName":"search_term_string"}}],"inLanguage":"ca"},{"@type":"Organization","@id":"https:\/\/arenasposibles.com\/ca\/#organization","name":"Arenas Posibles","url":"https:\/\/arenasposibles.com\/ca\/","logo":{"@type":"ImageObject","inLanguage":"ca","@id":"https:\/\/arenasposibles.com\/ca\/#\/schema\/logo\/image\/","url":"https:\/\/arenasposibles.com\/wp-content\/uploads\/2020\/02\/logo_main.png","contentUrl":"https:\/\/arenasposibles.com\/wp-content\/uploads\/2020\/02\/logo_main.png","width":614,"height":251,"caption":"Arenas Posibles"},"image":{"@id":"https:\/\/arenasposibles.com\/ca\/#\/schema\/logo\/image\/"}}]}},"_links":{"self":[{"href":"https:\/\/arenasposibles.com\/ca\/wp-json\/wp\/v2\/pages\/2069","targetHints":{"allow":["GET"]}}],"collection":[{"href":"https:\/\/arenasposibles.com\/ca\/wp-json\/wp\/v2\/pages"}],"about":[{"href":"https:\/\/arenasposibles.com\/ca\/wp-json\/wp\/v2\/types\/page"}],"author":[{"embeddable":true,"href":"https:\/\/arenasposibles.com\/ca\/wp-json\/wp\/v2\/users\/1"}],"replies":[{"embeddable":true,"href":"https:\/\/arenasposibles.com\/ca\/wp-json\/wp\/v2\/comments?post=2069"}],"version-history":[{"count":5,"href":"https:\/\/arenasposibles.com\/ca\/wp-json\/wp\/v2\/pages\/2069\/revisions"}],"predecessor-version":[{"id":4755,"href":"https:\/\/arenasposibles.com\/ca\/wp-json\/wp\/v2\/pages\/2069\/revisions\/4755"}],"wp:featuredmedia":[{"embeddable":true,"href":"https:\/\/arenasposibles.com\/ca\/wp-json\/wp\/v2\/media\/470"}],"wp:attachment":[{"href":"https:\/\/arenasposibles.com\/ca\/wp-json\/wp\/v2\/media?parent=2069"}],"curies":[{"name":"wp","href":"https:\/\/api.w.org\/{rel}","templated":true}]}}