{"id":2173,"date":"2020-02-24T16:01:01","date_gmt":"2020-02-24T14:01:01","guid":{"rendered":"https:\/\/arenasposibles.com\/2020\/arenas-posibles-prensa\/"},"modified":"2022-09-01T12:54:49","modified_gmt":"2022-09-01T10:54:49","slug":"arenas-posibles-premsa","status":"publish","type":"page","link":"https:\/\/arenasposibles.com\/ca\/arenas-posibles-premsa\/","title":{"rendered":"Media"},"content":{"rendered":"<div class=\"wpb-content-wrapper\"><p>[vc_row][vc_column][vc_column_text]<\/p>\n<h1>Arenas Posibles en la premsa<\/h1>\n<p>[\/vc_column_text][\/vc_column][\/vc_row][vc_row el_class=&#8221;media_news&#8221;][vc_column][vc_column_text]<\/p>\n<div id=\"services\" data-jplist-group=\"group1\">\n<div class=\"media_article\" data-jplist-item=\"\">\n<div>\n<div style=\"font-weight: bold; font-size: 20px; line-height: 25px; margin-bottom: 20px;\">\u00abEls alumnes de cer\u00e0mica de l\u2019Escola d\u2019Art de Tortosa exposen a la mostra \u201cLa Mar\u201d\u00bb<\/div>\n<div style=\"font-style: italic; font-size: 20px; line-height: 25px; margin-bottom: 20px;\">ebredigital.cat<\/div>\n<p><strong>4 d&#8217;octubre de 2019<\/strong><br \/>\n[En l\u00ednia &#8211; Catal\u00e0]<\/p>\n<div style=\"margin-top: 40px;\"><a href=\"https:\/\/ebredigital.cat\/2019\/10\/04\/els-alumnes-de-ceramica-de-lescola-dart-de-tortosa-exposen-a-la-mostra-la-mar\/\" target=\"_blank\" rel=\"noopener noreferrer\">Llegir<\/a><\/div>\n<\/div>\n<div class=\"corner\"><\/div>\n<\/div>\n<div class=\"media_article\" data-jplist-item=\"\">\n<div>\n<div style=\"font-weight: bold; font-size: 20px; line-height: 25px; margin-bottom: 20px;\">\u00abPresepe di Marina cambia volto sar\u00e0 anche l\u2019imperatrice Teodora\u00bb<\/div>\n<div style=\"font-style: italic; font-size: 20px; line-height: 25px; margin-bottom: 20px;\">il Resto del Carlino<\/div>\n<p><strong>26 de novembre de 2017<\/strong><br \/>\n[PDF &#8211; Itali\u00e0]<\/p>\n<div style=\"margin-top: 40px;\"><a href=\"https:\/\/arenasposibles.com\/wp-content\/uploads\/2020\/03\/Presepe-di-Marina.jpg\" target=\"_blank\" rel=\"noopener noreferrer\">Llegir<\/a><\/div>\n<\/div>\n<div class=\"corner\"><\/div>\n<\/div>\n<div class=\"media_article\" data-jplist-item=\"\">\n<div>\n<div style=\"font-weight: bold; font-size: 20px; line-height: 25px; margin-bottom: 20px;\">\u00abArte en vivo para una playa de interior\u00bb<\/div>\n<div style=\"font-style: italic; font-size: 20px; line-height: 25px; margin-bottom: 20px;\">Diario de Valladolid<\/div>\n<p><strong>30 de juny de 2006<\/strong><br \/>\n[PDF &#8211; Castell\u00e0]<\/p>\n<div style=\"margin-top: 40px;\"><a href=\"https:\/\/arenasposibles.com\/wp-content\/uploads\/2020\/03\/Arte-en-vivo-scaled.jpg\" target=\"_blank\" rel=\"noopener noreferrer\">Llegir<\/a><\/div>\n<\/div>\n<div class=\"corner\"><\/div>\n<\/div>\n<div class=\"media_article\" data-jplist-item=\"\">\n<div>\n<div style=\"font-weight: bold; font-size: 20px; line-height: 25px; margin-bottom: 20px;\">\u00abDe Tabasco para el mundo. Esculturas de arena\u00bb<\/div>\n<div style=\"font-style: italic; font-size: 20px; line-height: 25px; margin-bottom: 20px;\">Celebremos todos<\/div>\n<p><strong>4 de maig de 2006<\/strong><br \/>\n[PDF &#8211; Castell\u00e0]<\/p>\n<div style=\"margin-top: 40px;\"><a href=\"https:\/\/arenasposibles.com\/wp-content\/uploads\/2020\/03\/De-Tabasco-para-el-mundo-scaled.jpg\" target=\"_blank\" rel=\"noopener noreferrer\">Llegir<\/a><\/div>\n<\/div>\n<div class=\"corner\"><\/div>\n<\/div>\n<div class=\"media_article\" data-jplist-item=\"\">\n<div>\n<div style=\"font-weight: bold; font-size: 20px; line-height: 25px; margin-bottom: 20px;\">\u00abCon arena, s\u00ed es posible\u00bb<\/div>\n<div style=\"font-style: italic; font-size: 20px; line-height: 25px; margin-bottom: 20px;\">Isabel Mart\u00edn L\u00f3pez<\/div>\n<p><strong>2006<\/strong><br \/>\n[PDF &#8211; Castell\u00e0]<\/p>\n<div style=\"margin-top: 40px;\"><a href=\"https:\/\/arenasposibles.com\/wp-content\/uploads\/2020\/03\/Con-arena-si-es-posible.jpg\" target=\"_blank\" rel=\"noopener noreferrer\">Llegir<\/a><\/div>\n<\/div>\n<div class=\"corner\"><\/div>\n<\/div>\n<div class=\"media_article\" data-jplist-item=\"\">\n<div>\n<div style=\"font-weight: bold; font-size: 20px; line-height: 25px; margin-bottom: 20px;\">Arenas Posibles en China<\/div>\n<div style=\"font-style: italic; font-size: 20px; line-height: 25px; margin-bottom: 20px;\">Wanbao<\/div>\n<p><strong>2006<\/strong><br \/>\n[PDF &#8211; Xin\u00e8s]<\/p>\n<div style=\"margin-top: 40px;\"><a href=\"https:\/\/arenasposibles.com\/wp-content\/uploads\/2020\/03\/Arenas-en-China-2006-scaled.jpg\" target=\"_blank\" rel=\"noopener noreferrer\">Llegir<\/a><\/div>\n<\/div>\n<div class=\"corner\"><\/div>\n<\/div>\n<div class=\"media_article\" data-jplist-item=\"\">\n<div>\n<div style=\"font-weight: bold; font-size: 20px; line-height: 25px; margin-bottom: 20px;\">\u00abPrinsessen van zand op handen gedragen\u00bb<\/div>\n<p><strong>2008<\/strong><br \/>\n[PDF &#8211; Neerland\u00e8s]<\/p>\n<div style=\"margin-top: 40px;\"><a href=\"https:\/\/arenasposibles.com\/wp-content\/uploads\/2020\/03\/Prinsessen-scaled.jpg\" target=\"_blank\" rel=\"noopener noreferrer\">Llegir<\/a><\/div>\n<\/div>\n<div class=\"corner\"><\/div>\n<\/div>\n<div class=\"media_article\" data-jplist-item=\"\">\n<div>\n<div style=\"font-weight: bold; font-size: 20px; line-height: 25px; margin-bottom: 20px;\">Arenas Posibles en China<\/div>\n<p><strong>2001<\/strong><br \/>\n[PDF &#8211; Xin\u00e8s]<\/p>\n<div style=\"margin-top: 40px;\"><a href=\"https:\/\/arenasposibles.com\/wp-content\/uploads\/2020\/03\/Arenas-en-China-2001-scaled.jpg\" target=\"_blank\" rel=\"noopener noreferrer\">Llegir<\/a><\/div>\n<\/div>\n<div class=\"corner\"><\/div>\n<\/div>\n<div class=\"media_article\" data-jplist-item=\"\">\n<div>\n<div style=\"font-weight: bold; font-size: 20px; line-height: 25px; margin-bottom: 20px;\">\u00abImpresionante escultura en arena de Sergi Ram\u00edrez y Montserrat Cuesta\u00bb<\/div>\n<div style=\"font-style: italic; font-size: 20px; line-height: 25px; margin-bottom: 20px;\">Melilla Hoy<\/div>\n<p><strong>25 d&#8217;agost de 2004<\/strong><br \/>\n[PDF &#8211; Castell\u00e0]<\/p>\n<div style=\"margin-top: 40px;\"><a href=\"https:\/\/arenasposibles.com\/wp-content\/uploads\/2020\/03\/Impresionante-escultura-en-arena-scaled.jpg\" target=\"_blank\" rel=\"noopener noreferrer\">Llegir<\/a><\/div>\n<\/div>\n<div class=\"corner\"><\/div>\n<\/div>\n<div class=\"media_article\" data-jplist-item=\"\">\n<div>\n<div style=\"font-weight: bold; font-size: 20px; line-height: 25px; margin-bottom: 20px;\">\u00abEsculpir lo ef\u00edmero\u00bb<\/div>\n<div style=\"font-style: italic; font-size: 20px; line-height: 25px; margin-bottom: 20px;\">La Tribuna de Ciudad Real<\/div>\n<p><strong>11 d&#8217;agost de 2004<\/strong><br \/>\n[PDF &#8211; Castell\u00e0]<\/p>\n<div style=\"margin-top: 40px;\"><a href=\"https:\/\/arenasposibles.com\/wp-content\/uploads\/2020\/03\/Esculpir-lo-efimero-scaled.jpg\" target=\"_blank\" rel=\"noopener noreferrer\">Llegir<\/a><\/div>\n<\/div>\n<div class=\"corner\"><\/div>\n<\/div>\n<div class=\"media_article\" data-jplist-item=\"\">\n<div>\n<div style=\"font-weight: bold; font-size: 18px; line-height: 25px; margin-bottom: 20px;\">\u00abSergi Ram\u00edrez y Montserrat Cuesta empezaron ayer a levantar una gran obra de cuatro metros\u00bb<\/div>\n<div style=\"font-style: italic; font-size: 20px; line-height: 25px; margin-bottom: 20px;\">Diario de Valladolid<\/div>\n<p><strong>25 de abril de 2003<\/strong><br \/>\n[PDF &#8211; Castell\u00e0]<\/p>\n<div style=\"margin-top: 40px;\"><a href=\"https:\/\/arenasposibles.com\/wp-content\/uploads\/2020\/03\/Sergi-y-Montse-empezaron-ayer-scaled.jpg\" target=\"_blank\" rel=\"noopener noreferrer\">Llegir<\/a><\/div>\n<\/div>\n<div class=\"corner\"><\/div>\n<\/div>\n<div class=\"media_article\" data-jplist-item=\"\">\n<div>\n<div style=\"font-weight: bold; font-size: 20px; line-height: 25px; margin-bottom: 20px;\">\u00abSergi Ram\u00edrez vence con su alegor\u00eda del arte en arena\u00bb<\/div>\n<div style=\"font-style: italic; font-size: 20px; line-height: 25px; margin-bottom: 20px;\">Diario de Valladolid<\/div>\n<p><strong>2002<\/strong><br \/>\n[PDF &#8211; Castell\u00e0]<\/p>\n<div style=\"margin-top: 40px;\"><a href=\"https:\/\/arenasposibles.com\/wp-content\/uploads\/2020\/03\/Sergi-vence-con-su-alegor\u00eda-scaled.jpg\" target=\"_blank\" rel=\"noopener noreferrer\">Llegir<\/a><\/div>\n<\/div>\n<div class=\"corner\"><\/div>\n<\/div>\n<div class=\"media_article\" data-jplist-item=\"\">\n<div>\n<div style=\"font-weight: bold; font-size: 20px; line-height: 25px; margin-bottom: 20px;\">\u00abSand kunst\u00bb<\/div>\n<p><strong>2002<\/strong><br \/>\n[PDF &#8211; Alem\u00e1n]<\/p>\n<div style=\"margin-top: 40px;\"><a href=\"https:\/\/arenasposibles.com\/wp-content\/uploads\/2020\/03\/Sand-kunst-scaled.jpg\" target=\"_blank\" rel=\"noopener noreferrer\">Llegir<\/a><\/div>\n<\/div>\n<div class=\"corner\"><\/div>\n<\/div>\n<div class=\"media_article\" data-jplist-item=\"\">\n<div>\n<div style=\"font-weight: bold; font-size: 20px; line-height: 25px; margin-bottom: 20px;\">\u00abL\u2019Espagnol Sergio Ramirez est un cr\u00e9atif\u00bb<\/div>\n<p><strong>2000<\/strong><br \/>\n[PDF &#8211; Franc\u00e9s]<\/p>\n<div style=\"margin-top: 40px;\"><a href=\"https:\/\/arenasposibles.com\/wp-content\/uploads\/2020\/03\/L\u2019Espagnol-Sergio-scaled.jpg\" target=\"_blank\" rel=\"noopener noreferrer\">Llegir<\/a><\/div>\n<\/div>\n<div class=\"corner\"><\/div>\n<\/div>\n<div class=\"media_article\" data-jplist-item=\"\">\n<div>\n<div style=\"font-weight: bold; font-size: 20px; line-height: 25px; margin-bottom: 20px;\">\u00abY en seis d\u00edas, Sergi cre\u00f3 a Don Quijote\u00bb<\/div>\n<div style=\"font-style: italic; font-size: 20px; line-height: 25px; margin-bottom: 20px;\">Diario de Alcal\u00e1<\/div>\n<p>[PDF &#8211; Castell\u00e0]<\/p>\n<div style=\"margin-top: 40px;\"><a href=\"https:\/\/arenasposibles.com\/wp-content\/uploads\/2020\/03\/Y-en-seis-dias-scaled.jpg\" target=\"_blank\" rel=\"noopener noreferrer\">Llegir<\/a><\/div>\n<\/div>\n<div class=\"corner\"><\/div>\n<\/div>\n<div class=\"media_article\" data-jplist-item=\"\">\n<div>\n<div style=\"font-weight: bold; font-size: 20px; line-height: 25px; margin-bottom: 20px;\">\u00abLos magos de la arena se reencuentran con un p\u00fablico fiel\u00bb<\/div>\n<div style=\"font-style: italic; font-size: 20px; line-height: 25px; margin-bottom: 20px;\">Diario de Valladolid<\/div>\n<p><strong>2005<\/strong><br \/>\n[PDF &#8211; Castell\u00e0]<\/p>\n<div style=\"margin-top: 40px;\"><a href=\"https:\/\/arenasposibles.com\/wp-content\/uploads\/2020\/03\/Los-magos-de-la-arena-scaled.jpg\" target=\"_blank\" rel=\"noopener noreferrer\">Llegir<\/a><\/div>\n<\/div>\n<div class=\"corner\"><\/div>\n<\/div>\n<div class=\"media_article\" data-jplist-item=\"\">\n<div>\n<div style=\"font-weight: bold; font-size: 20px; line-height: 25px; margin-bottom: 20px;\">\u00abRam\u00edrez y Cuesta empiezan a crear su Quijote de arena en la Plaza Mayor\u00bb<\/div>\n<div style=\"font-style: italic; font-size: 20px; line-height: 25px; margin-bottom: 20px;\">Diario de Valladolid (El Mundo)<\/div>\n<p><strong>2005<\/strong><br \/>\n[PDF &#8211; Castell\u00e0]<\/p>\n<div style=\"margin-top: 40px;\"><a href=\"https:\/\/arenasposibles.com\/wp-content\/uploads\/2020\/03\/Ramirez-y-Cuesta-crear-su-Quijote-scaled.jpg\" target=\"_blank\" rel=\"noopener noreferrer\">Llegir<\/a><\/div>\n<\/div>\n<div class=\"corner\"><\/div>\n<\/div>\n<div class=\"media_article\" data-jplist-item=\"\">\n<div>\n<div style=\"font-weight: bold; font-size: 20px; line-height: 25px; margin-bottom: 20px;\">\u00abZandkasteeltje bouwen? In Zandvoort doen ze het voor!\u00bb<\/div>\n<p>[PDF &#8211; Neerland\u00e8s]<\/p>\n<div style=\"margin-top: 40px;\"><a href=\"https:\/\/arenasposibles.com\/wp-content\/uploads\/2020\/03\/Zandkasteeltje-bouwen.pdf\" target=\"_blank\" rel=\"noopener noreferrer\">Llegir<\/a><\/div>\n<\/div>\n<div class=\"corner\"><\/div>\n<\/div>\n<\/div>\n<div id=\"pagination\" style=\"display: flex; padding-top: 20px;\" data-jplist-control=\"pagination\" data-group=\"group1\" data-items-per-page=\"6\" data-current-page=\"0\" data-name=\"pagination1\">\n<div class=\"jplist-holder\" style=\"margin: 0 10px 0 0;\" data-type=\"pages\"><button class=\"category_button\" style=\"margin-right: 10px;\" type=\"button\" data-type=\"page\">{pageNumber}<\/button><\/div>\n<\/div>\n<p><script> jplist.init();<\/script>[\/vc_column_text][\/vc_column][\/vc_row][vc_row bg_type=&#8221;bg_color&#8221; bg_override=&#8221;full&#8221; css=&#8221;.vc_custom_1584527153069{padding-top: 15px !important;padding-bottom: 35px !important;}&#8221; bg_color_value=&#8221;#f1f1f2&#8243;][vc_column][vc_column_text]<\/p>\n<h1>Material per a la premsa<\/h1>\n<p>[\/vc_column_text][\/vc_column][vc_column width=&#8221;1\/3&#8243;][vc_raw_html]JTNDZGl2JTIwY2xhc3MlM0QlMjJzZXJ2aWNlX2NvbnRhaW5lciUyMiUzRSUwQSUzQ2ElMjBocmVmJTNEJTIyaHR0cHMlM0ElMkYlMkZ3d3cueW91dHViZS5jb20lMkZ1c2VyJTJGc2VyZ2lyYW1pcmV6cGVyZXolMjIlMjB0YXJnZXQlM0QlMjJfYmxhbmslMjIlMjByZWwlM0QlMjJub29wZW5lciUyMG5vcmVmZXJyZXIlMjIlM0UlMEElM0NpbWclMjBzcmMlM0QlMjJodHRwcyUzQSUyRiUyRmFyZW5hc3Bvc2libGVzLmNvbSUyRndwLWNvbnRlbnQlMkZ1cGxvYWRzJTJGMjAyMCUyRjAzJTJGaW1nX2Rlc3RhY2FkYV92aWRlb3MuanBnJTIyJTNFJTBBJTBBJTNDZGl2JTIwY2xhc3MlM0QlMjJzZXJ2aWNlX3RleHQxJTIyJTNFJTNDcCUzRVYlQzMlQURkZW9zJTNDJTJGcCUzRSUzQyUyRmRpdiUzRSUzQyUyRmElM0UlMEElM0MlMkZkaXYlM0U=[\/vc_raw_html][\/vc_column][vc_column width=&#8221;1\/3&#8243;][vc_raw_html]JTNDZGl2JTIwY2xhc3MlM0QlMjJzZXJ2aWNlX2NvbnRhaW5lciUyMiUzRSUwQSUzQ2ElMjBocmVmJTNEaHR0cHMlM0ElMkYlMkZhcmVuYXNwb3NpYmxlcy5jb20lMkZjYSUyRnBvcnRmb2xpLWVzY3VsdHVyZXMtc29ycmEtcGVyc29uYWxpdHphZGVzJTJGJTIyJTIwdGFyZ2V0JTNEJTIyX2JsYW5rJTIyJTIwcmVsJTNEJTIybm9vcGVuZXIlMjBub3JlZmVycmVyJTIyJTNFJTBBJTNDaW1nJTIwc3JjJTNEJTIyaHR0cHMlM0ElMkYlMkZhcmVuYXNwb3NpYmxlcy5jb20lMkZ3cC1jb250ZW50JTJGdXBsb2FkcyUyRjIwMjAlMkYwMyUyRmltZ19kZXN0YWNhZGFfZm90b3MuanBnJTIyJTNFJTBBJTBBJTNDZGl2JTIwY2xhc3MlM0QlMjJzZXJ2aWNlX3RleHQxJTIyJTNFJTNDcCUzRUZvdG9ncmFmaWVzJTNDJTJGcCUzRSUzQyUyRmRpdiUzRSUzQyUyRmElM0UlMEElM0MlMkZkaXYlM0U=[\/vc_raw_html][\/vc_column][vc_column width=&#8221;1\/3&#8243;][vc_raw_html]JTNDZGl2JTIwY2xhc3MlM0QlMjJzZXJ2aWNlX2NvbnRhaW5lciUyMiUzRSUwQSUzQ2ElMjBocmVmJTNEJTIyaHR0cHMlM0ElMkYlMkZhcmVuYXNwb3NpYmxlcy5jb20lMkZjYSUyRmFyZW5hcy1wb3NpYmxlcyUyRiUyMiUyMHRhcmdldCUzRCUyMl9ibGFuayUyMiUyMHJlbCUzRCUyMm5vb3BlbmVyJTIwbm9yZWZlcnJlciUyMiUzRSUwQSUzQ2ltZyUyMHNyYyUzRCUyMmh0dHBzJTNBJTJGJTJGYXJlbmFzcG9zaWJsZXMuY29tJTJGd3AtY29udGVudCUyRnVwbG9hZHMlMkYyMDIwJTJGMDMlMkZpbWdfZGVzdGFjYWRhX2luZm9ybWFjaW9fY29ycG9yYXRpdmEuanBnJTIyJTNFJTBBJTBBJTNDZGl2JTIwY2xhc3MlM0QlMjJzZXJ2aWNlX3RleHQxJTIyJTNFJTNDcCUzRUluZm9ybWFjaSVDMyVCMyUyMGNvcnBvcmF0aXZhJTNDJTJGcCUzRSUzQyUyRmRpdiUzRSUzQyUyRmElM0UlMEElM0MlMkZkaXYlM0U=[\/vc_raw_html][\/vc_column][\/vc_row][vc_row bg_type=&#8221;image&#8221; parallax_style=&#8221;vcpb-default&#8221; bg_image_new=&#8221;id^536|url^https:\/\/arenasposibles.com\/wp-content\/uploads\/2020\/03\/cta_final_media-scaled.jpg|caption^null|alt^null|title^cta_final_media|description^null&#8221; bg_image_repeat=&#8221;no-repeat&#8221; bg_override=&#8221;full&#8221; el_id=&#8221;final_clients&#8221; el_class=&#8221;white_links&#8221;][vc_column][vc_column_text]<\/p>\n<h2>Si vols fer alguna cosa, fes que valgui la pena<\/h2>\n<h3>\u00c9s hora de marcar la difer\u00e8ncia<\/h3>\n<p>[\/vc_column_text][vc_column_text]<\/p>\n<div class=\"cta_links\"><a href=\"https:\/\/arenasposibles.com\/contacta-arenas-posibles\/\">Contacta amb nosaltres<\/a> <a href=\"https:\/\/arenasposibles.com\/ca\/especialistes-escultures-sorra\/\">Veure tots els serveis<\/a><\/div>\n<p>[\/vc_column_text][\/vc_column][\/vc_row]<\/p>\n<\/div>","protected":false},"excerpt":{"rendered":"<p>[vc_row][vc_column][vc_column_text] Arenas Posibles en la premsa [\/vc_column_text][\/vc_column][\/vc_row][vc_row el_class=&#8221;media_news&#8221;][vc_column][vc_column_text] \u00abEls alumnes de cer\u00e0mica de l\u2019Escola d\u2019Art de Tortosa exposen a la mostra \u201cLa Mar\u201d\u00bb ebredigital.cat 4 d&#8217;octubre de 2019 [En l\u00ednia &#8211; Catal\u00e0] Llegir \u00abPresepe di Marina cambia volto sar\u00e0 anche l\u2019imperatrice Teodora\u00bb il Resto del Carlino 26 de novembre de 2017 [PDF &#8211; Itali\u00e0] Llegir&hellip;<\/p>\n","protected":false},"author":1,"featured_media":3730,"parent":0,"menu_order":0,"comment_status":"closed","ping_status":"closed","template":"","meta":{"_acf_changed":false,"footnotes":""},"class_list":["post-2173","page","type-page","status-publish","has-post-thumbnail","hentry","description-off"],"acf":[],"yoast_head":"<!-- This site is optimized with the Yoast SEO plugin v26.8 - https:\/\/yoast.com\/product\/yoast-seo-wordpress\/ -->\n<title>Arenas Posibles a la premsa | Arenas Posibles<\/title>\n<meta name=\"description\" content=\"Entra i descobreix Arenas Posibles a la premsa. Qu\u00e8 diuen de nosaltres? Necessites informaci\u00f3, v\u00eddeos o imatges per al teu article? Contacta amb nosaltres.\" \/>\n<meta name=\"robots\" content=\"index, follow, max-snippet:-1, max-image-preview:large, max-video-preview:-1\" \/>\n<link rel=\"canonical\" href=\"https:\/\/arenasposibles.com\/ca\/arenas-posibles-premsa\/\" \/>\n<meta property=\"og:locale\" content=\"ca_ES\" \/>\n<meta property=\"og:type\" content=\"article\" \/>\n<meta property=\"og:title\" content=\"Arenas Posibles a la premsa | Arenas Posibles\" \/>\n<meta property=\"og:description\" content=\"Entra i descobreix Arenas Posibles a la premsa. Qu\u00e8 diuen de nosaltres? Necessites informaci\u00f3, v\u00eddeos o imatges per al teu article? Contacta amb nosaltres.\" \/>\n<meta property=\"og:url\" content=\"https:\/\/arenasposibles.com\/ca\/arenas-posibles-premsa\/\" \/>\n<meta property=\"og:site_name\" content=\"Arenas Posibles\" \/>\n<meta property=\"article:modified_time\" content=\"2022-09-01T10:54:49+00:00\" \/>\n<meta property=\"og:image\" content=\"https:\/\/arenasposibles.com\/wp-content\/uploads\/2020\/05\/plantilla_share_media.jpg\" \/>\n\t<meta property=\"og:image:width\" content=\"600\" \/>\n\t<meta property=\"og:image:height\" content=\"315\" \/>\n\t<meta property=\"og:image:type\" content=\"image\/jpeg\" \/>\n<meta name=\"twitter:card\" content=\"summary_large_image\" \/>\n<meta name=\"twitter:label1\" content=\"Temps estimat de lectura\" \/>\n\t<meta name=\"twitter:data1\" content=\"2 minuts\" \/>\n<script type=\"application\/ld+json\" class=\"yoast-schema-graph\">{\"@context\":\"https:\/\/schema.org\",\"@graph\":[{\"@type\":\"WebPage\",\"@id\":\"https:\/\/arenasposibles.com\/ca\/arenas-posibles-premsa\/\",\"url\":\"https:\/\/arenasposibles.com\/ca\/arenas-posibles-premsa\/\",\"name\":\"Arenas Posibles a la premsa | Arenas Posibles\",\"isPartOf\":{\"@id\":\"https:\/\/arenasposibles.com\/ca\/#website\"},\"primaryImageOfPage\":{\"@id\":\"https:\/\/arenasposibles.com\/ca\/arenas-posibles-premsa\/#primaryimage\"},\"image\":{\"@id\":\"https:\/\/arenasposibles.com\/ca\/arenas-posibles-premsa\/#primaryimage\"},\"thumbnailUrl\":\"https:\/\/arenasposibles.com\/wp-content\/uploads\/2020\/05\/plantilla_share_media.jpg\",\"datePublished\":\"2020-02-24T14:01:01+00:00\",\"dateModified\":\"2022-09-01T10:54:49+00:00\",\"description\":\"Entra i descobreix Arenas Posibles a la premsa. Qu\u00e8 diuen de nosaltres? Necessites informaci\u00f3, v\u00eddeos o imatges per al teu article? Contacta amb nosaltres.\",\"breadcrumb\":{\"@id\":\"https:\/\/arenasposibles.com\/ca\/arenas-posibles-premsa\/#breadcrumb\"},\"inLanguage\":\"ca\",\"potentialAction\":[{\"@type\":\"ReadAction\",\"target\":[\"https:\/\/arenasposibles.com\/ca\/arenas-posibles-premsa\/\"]}]},{\"@type\":\"ImageObject\",\"inLanguage\":\"ca\",\"@id\":\"https:\/\/arenasposibles.com\/ca\/arenas-posibles-premsa\/#primaryimage\",\"url\":\"https:\/\/arenasposibles.com\/wp-content\/uploads\/2020\/05\/plantilla_share_media.jpg\",\"contentUrl\":\"https:\/\/arenasposibles.com\/wp-content\/uploads\/2020\/05\/plantilla_share_media.jpg\",\"width\":600,\"height\":315},{\"@type\":\"BreadcrumbList\",\"@id\":\"https:\/\/arenasposibles.com\/ca\/arenas-posibles-premsa\/#breadcrumb\",\"itemListElement\":[{\"@type\":\"ListItem\",\"position\":1,\"name\":\"Inici\",\"item\":\"https:\/\/arenasposibles.com\/ca\/\"},{\"@type\":\"ListItem\",\"position\":2,\"name\":\"Media\"}]},{\"@type\":\"WebSite\",\"@id\":\"https:\/\/arenasposibles.com\/ca\/#website\",\"url\":\"https:\/\/arenasposibles.com\/ca\/\",\"name\":\"Arenas Posibles\",\"description\":\"Esculturas de arena profesionales\",\"publisher\":{\"@id\":\"https:\/\/arenasposibles.com\/ca\/#organization\"},\"potentialAction\":[{\"@type\":\"SearchAction\",\"target\":{\"@type\":\"EntryPoint\",\"urlTemplate\":\"https:\/\/arenasposibles.com\/ca\/?s={search_term_string}\"},\"query-input\":{\"@type\":\"PropertyValueSpecification\",\"valueRequired\":true,\"valueName\":\"search_term_string\"}}],\"inLanguage\":\"ca\"},{\"@type\":\"Organization\",\"@id\":\"https:\/\/arenasposibles.com\/ca\/#organization\",\"name\":\"Arenas Posibles\",\"url\":\"https:\/\/arenasposibles.com\/ca\/\",\"logo\":{\"@type\":\"ImageObject\",\"inLanguage\":\"ca\",\"@id\":\"https:\/\/arenasposibles.com\/ca\/#\/schema\/logo\/image\/\",\"url\":\"https:\/\/arenasposibles.com\/wp-content\/uploads\/2020\/02\/logo_main.png\",\"contentUrl\":\"https:\/\/arenasposibles.com\/wp-content\/uploads\/2020\/02\/logo_main.png\",\"width\":614,\"height\":251,\"caption\":\"Arenas Posibles\"},\"image\":{\"@id\":\"https:\/\/arenasposibles.com\/ca\/#\/schema\/logo\/image\/\"}}]}<\/script>\n<!-- \/ Yoast SEO plugin. -->","yoast_head_json":{"title":"Arenas Posibles a la premsa | Arenas Posibles","description":"Entra i descobreix Arenas Posibles a la premsa. Qu\u00e8 diuen de nosaltres? Necessites informaci\u00f3, v\u00eddeos o imatges per al teu article? Contacta amb nosaltres.","robots":{"index":"index","follow":"follow","max-snippet":"max-snippet:-1","max-image-preview":"max-image-preview:large","max-video-preview":"max-video-preview:-1"},"canonical":"https:\/\/arenasposibles.com\/ca\/arenas-posibles-premsa\/","og_locale":"ca_ES","og_type":"article","og_title":"Arenas Posibles a la premsa | Arenas Posibles","og_description":"Entra i descobreix Arenas Posibles a la premsa. Qu\u00e8 diuen de nosaltres? Necessites informaci\u00f3, v\u00eddeos o imatges per al teu article? Contacta amb nosaltres.","og_url":"https:\/\/arenasposibles.com\/ca\/arenas-posibles-premsa\/","og_site_name":"Arenas Posibles","article_modified_time":"2022-09-01T10:54:49+00:00","og_image":[{"width":600,"height":315,"url":"https:\/\/arenasposibles.com\/wp-content\/uploads\/2020\/05\/plantilla_share_media.jpg","type":"image\/jpeg"}],"twitter_card":"summary_large_image","twitter_misc":{"Temps estimat de lectura":"2 minuts"},"schema":{"@context":"https:\/\/schema.org","@graph":[{"@type":"WebPage","@id":"https:\/\/arenasposibles.com\/ca\/arenas-posibles-premsa\/","url":"https:\/\/arenasposibles.com\/ca\/arenas-posibles-premsa\/","name":"Arenas Posibles a la premsa | Arenas Posibles","isPartOf":{"@id":"https:\/\/arenasposibles.com\/ca\/#website"},"primaryImageOfPage":{"@id":"https:\/\/arenasposibles.com\/ca\/arenas-posibles-premsa\/#primaryimage"},"image":{"@id":"https:\/\/arenasposibles.com\/ca\/arenas-posibles-premsa\/#primaryimage"},"thumbnailUrl":"https:\/\/arenasposibles.com\/wp-content\/uploads\/2020\/05\/plantilla_share_media.jpg","datePublished":"2020-02-24T14:01:01+00:00","dateModified":"2022-09-01T10:54:49+00:00","description":"Entra i descobreix Arenas Posibles a la premsa. Qu\u00e8 diuen de nosaltres? Necessites informaci\u00f3, v\u00eddeos o imatges per al teu article? Contacta amb nosaltres.","breadcrumb":{"@id":"https:\/\/arenasposibles.com\/ca\/arenas-posibles-premsa\/#breadcrumb"},"inLanguage":"ca","potentialAction":[{"@type":"ReadAction","target":["https:\/\/arenasposibles.com\/ca\/arenas-posibles-premsa\/"]}]},{"@type":"ImageObject","inLanguage":"ca","@id":"https:\/\/arenasposibles.com\/ca\/arenas-posibles-premsa\/#primaryimage","url":"https:\/\/arenasposibles.com\/wp-content\/uploads\/2020\/05\/plantilla_share_media.jpg","contentUrl":"https:\/\/arenasposibles.com\/wp-content\/uploads\/2020\/05\/plantilla_share_media.jpg","width":600,"height":315},{"@type":"BreadcrumbList","@id":"https:\/\/arenasposibles.com\/ca\/arenas-posibles-premsa\/#breadcrumb","itemListElement":[{"@type":"ListItem","position":1,"name":"Inici","item":"https:\/\/arenasposibles.com\/ca\/"},{"@type":"ListItem","position":2,"name":"Media"}]},{"@type":"WebSite","@id":"https:\/\/arenasposibles.com\/ca\/#website","url":"https:\/\/arenasposibles.com\/ca\/","name":"Arenas Posibles","description":"Esculturas de arena profesionales","publisher":{"@id":"https:\/\/arenasposibles.com\/ca\/#organization"},"potentialAction":[{"@type":"SearchAction","target":{"@type":"EntryPoint","urlTemplate":"https:\/\/arenasposibles.com\/ca\/?s={search_term_string}"},"query-input":{"@type":"PropertyValueSpecification","valueRequired":true,"valueName":"search_term_string"}}],"inLanguage":"ca"},{"@type":"Organization","@id":"https:\/\/arenasposibles.com\/ca\/#organization","name":"Arenas Posibles","url":"https:\/\/arenasposibles.com\/ca\/","logo":{"@type":"ImageObject","inLanguage":"ca","@id":"https:\/\/arenasposibles.com\/ca\/#\/schema\/logo\/image\/","url":"https:\/\/arenasposibles.com\/wp-content\/uploads\/2020\/02\/logo_main.png","contentUrl":"https:\/\/arenasposibles.com\/wp-content\/uploads\/2020\/02\/logo_main.png","width":614,"height":251,"caption":"Arenas Posibles"},"image":{"@id":"https:\/\/arenasposibles.com\/ca\/#\/schema\/logo\/image\/"}}]}},"_links":{"self":[{"href":"https:\/\/arenasposibles.com\/ca\/wp-json\/wp\/v2\/pages\/2173","targetHints":{"allow":["GET"]}}],"collection":[{"href":"https:\/\/arenasposibles.com\/ca\/wp-json\/wp\/v2\/pages"}],"about":[{"href":"https:\/\/arenasposibles.com\/ca\/wp-json\/wp\/v2\/types\/page"}],"author":[{"embeddable":true,"href":"https:\/\/arenasposibles.com\/ca\/wp-json\/wp\/v2\/users\/1"}],"replies":[{"embeddable":true,"href":"https:\/\/arenasposibles.com\/ca\/wp-json\/wp\/v2\/comments?post=2173"}],"version-history":[{"count":12,"href":"https:\/\/arenasposibles.com\/ca\/wp-json\/wp\/v2\/pages\/2173\/revisions"}],"predecessor-version":[{"id":4287,"href":"https:\/\/arenasposibles.com\/ca\/wp-json\/wp\/v2\/pages\/2173\/revisions\/4287"}],"wp:featuredmedia":[{"embeddable":true,"href":"https:\/\/arenasposibles.com\/ca\/wp-json\/wp\/v2\/media\/3730"}],"wp:attachment":[{"href":"https:\/\/arenasposibles.com\/ca\/wp-json\/wp\/v2\/media?parent=2173"}],"curies":[{"name":"wp","href":"https:\/\/api.w.org\/{rel}","templated":true}]}}