{"id":2181,"date":"2020-02-24T16:01:01","date_gmt":"2020-02-24T14:01:01","guid":{"rendered":"https:\/\/arenasposibles.com\/2020\/contacta-arenas-posibles\/"},"modified":"2021-10-20T11:52:19","modified_gmt":"2021-10-20T09:52:19","slug":"contacta-arenas-posibles","status":"publish","type":"page","link":"https:\/\/arenasposibles.com\/ca\/contacta-arenas-posibles\/","title":{"rendered":"Contacta"},"content":{"rendered":"<div class=\"wpb-content-wrapper\"><p>[vc_row equal_height=&#8221;yes&#8221; bg_type=&#8221;bg_color&#8221; bg_override=&#8221;full&#8221; bg_color_value=&#8221;#eeedee&#8221; css=&#8221;.vc_custom_1588835941354{padding-top: 15px !important;}&#8221;][vc_column width=&#8221;1\/5&#8243; offset=&#8221;vc_col-xs-6&#8243;][vc_column_text]<strong><img loading=\"lazy\" decoding=\"async\" class=\"alignnone wp-image-2182\" src=\"https:\/\/arenasposibles.com\/wp-content\/uploads\/2020\/03\/ico_contacte_1.png\" alt=\"\" width=\"60\" height=\"60\" srcset=\"https:\/\/arenasposibles.com\/wp-content\/uploads\/2020\/03\/ico_contacte_1.png 200w, https:\/\/arenasposibles.com\/wp-content\/uploads\/2020\/03\/ico_contacte_1-150x150.png 150w\" sizes=\"auto, (max-width: 60px) 100vw, 60px\" \/><\/strong><\/p>\n<p><strong>Per tel\u00e8fon<\/strong><\/p>\n<div><a href=\"tel:+34639889360\">(+34) 639 88 93 60<\/a><br \/>\n<a href=\"tel:+34620758160\">(+34) 620 75 81 60<\/a><\/div>\n<p>[\/vc_column_text][\/vc_column][vc_column width=&#8221;1\/5&#8243; offset=&#8221;vc_col-xs-6&#8243;][vc_column_text]<img loading=\"lazy\" decoding=\"async\" src=\"\/wp-content\/uploads\/2020\/03\/ico_contacte_3.png\" alt=\"\" width=\"60\" height=\"60\" \/><\/p>\n<p style=\"margin-bottom: 20px;\"><strong>Per WhatsApp<\/strong><\/p>\n<p><a class=\"cta_link\" style=\"font-size: 15px; box-shadow: 4px 4px 8px #b1b1b1;\" href=\"https:\/\/api.whatsapp.com\/send?phone=+34639889360&amp;text=Hola,%20Arenas%20Posibles\" target=\"_blank\" rel=\"noopener noreferrer\">Escriu-nos<\/a>[\/vc_column_text][\/vc_column][vc_column width=&#8221;1\/5&#8243; offset=&#8221;vc_col-xs-6&#8243;][vc_column_text]<img loading=\"lazy\" decoding=\"async\" src=\"\/wp-content\/uploads\/2020\/03\/ico_contacte_2.png\" alt=\"\" width=\"60\" height=\"60\" \/><\/p>\n<p><strong>Per correu electr\u00f2nic<\/strong><\/p>\n<p><a href=\"mailto:info@arenasposibles.com\" target=\"_blank\" rel=\"noopener noreferrer\">info@arenasposibles.com<\/a>[\/vc_column_text][\/vc_column][vc_column width=&#8221;1\/5&#8243;][vc_column_text]<strong><img loading=\"lazy\" decoding=\"async\" class=\"alignnone wp-image-2182\" src=\"https:\/\/arenasposibles.com\/wp-content\/uploads\/2021\/10\/ico_contacte_4.png\" alt=\"\" width=\"60\" height=\"60\" \/><\/strong><\/p>\n<p><strong>Espai l\u2019Arenal<\/strong><\/p>\n<p><a href=\"https:\/\/goo.gl\/maps\/8VaAxUeMsnn1Nu7o6\" target=\"_blank\" rel=\"noopener\">Ctra. d\u2019Alcanar, 2 &#8211; 43550 Ulldecona (Tarragona)<\/a>[\/vc_column_text][\/vc_column][\/vc_row][vc_row css=&#8221;.vc_custom_1584630699540{padding-top: 15px !important;padding-bottom: 15px !important;}&#8221;][vc_column][vc_raw_html]JTVCY29udGFjdC1mb3JtLTclMjBpZCUzRCUyMjclMjIlMjB0aXRsZSUzRCUyMkNvbnRhY3RhJTIyJTVEJTBBJTBBJTNDc2NyaXB0JTNFJTBBZG9jdW1lbnQuYWRkRXZlbnRMaXN0ZW5lciUyOCUyMCUyN3dwY2Y3bWFpbHNlbnQlMjclMkMlMjBmdW5jdGlvbiUyOCUyMGV2ZW50JTIwJTI5JTIwJTdCJTBBJTIwJTIwJTIwJTIwbG9jYXRpb24lMjAlM0QlMjAlMjclMkZncmFjaWFzJTI3JTNCJTBBJTdEJTJDJTIwZmFsc2UlMjAlMjklM0IlMEElM0MlMkZzY3JpcHQlM0U=[\/vc_raw_html][\/vc_column][\/vc_row]<\/p>\n<\/div>","protected":false},"excerpt":{"rendered":"<p>[vc_row equal_height=&#8221;yes&#8221; bg_type=&#8221;bg_color&#8221; bg_override=&#8221;full&#8221; bg_color_value=&#8221;#eeedee&#8221; css=&#8221;.vc_custom_1588835941354{padding-top: 15px !important;}&#8221;][vc_column width=&#8221;1\/5&#8243; offset=&#8221;vc_col-xs-6&#8243;][vc_column_text] Per tel\u00e8fon (+34) 639 88 93 60 (+34) 620 75 81 60 [\/vc_column_text][\/vc_column][vc_column width=&#8221;1\/5&#8243; offset=&#8221;vc_col-xs-6&#8243;][vc_column_text] Per WhatsApp Escriu-nos[\/vc_column_text][\/vc_column][vc_column width=&#8221;1\/5&#8243; offset=&#8221;vc_col-xs-6&#8243;][vc_column_text] Per correu electr\u00f2nic info@arenasposibles.com[\/vc_column_text][\/vc_column][vc_column width=&#8221;1\/5&#8243;][vc_column_text] Espai l\u2019Arenal Ctra. d\u2019Alcanar, 2 &#8211; 43550 Ulldecona (Tarragona)[\/vc_column_text][\/vc_column][\/vc_row][vc_row css=&#8221;.vc_custom_1584630699540{padding-top: 15px !important;padding-bottom: 15px !important;}&#8221;][vc_column][vc_raw_html]JTVCY29udGFjdC1mb3JtLTclMjBpZCUzRCUyMjclMjIlMjB0aXRsZSUzRCUyMkNvbnRhY3RhJTIyJTVEJTBBJTBBJTNDc2NyaXB0JTNFJTBBZG9jdW1lbnQuYWRkRXZlbnRMaXN0ZW5lciUyOCUyMCUyN3dwY2Y3bWFpbHNlbnQlMjclMkMlMjBmdW5jdGlvbiUyOCUyMGV2ZW50JTIwJTI5JTIwJTdCJTBBJTIwJTIwJTIwJTIwbG9jYXRpb24lMjAlM0QlMjAlMjclMkZncmFjaWFzJTI3JTNCJTBBJTdEJTJDJTIwZmFsc2UlMjAlMjklM0IlMEElM0MlMkZzY3JpcHQlM0U=[\/vc_raw_html][\/vc_column][\/vc_row]<\/p>\n","protected":false},"author":1,"featured_media":3745,"parent":0,"menu_order":0,"comment_status":"closed","ping_status":"closed","template":"","meta":{"_acf_changed":false,"footnotes":""},"class_list":["post-2181","page","type-page","status-publish","has-post-thumbnail","hentry","description-off"],"acf":[],"yoast_head":"<!-- This site is optimized with the Yoast SEO plugin v26.8 - https:\/\/yoast.com\/product\/yoast-seo-wordpress\/ -->\n<title>Contacta amb Arenas Posibles | Especialistes en escultures de sorra<\/title>\n<meta name=\"description\" content=\"Contacta amb Arenas Posibles i digues en qu\u00e8 podem ajudar-te. Servei integral. Agilitat i comprom\u00eds al 100%. La nostra imaginaci\u00f3 no coneix l\u00edmits!\" \/>\n<meta name=\"robots\" content=\"index, follow, max-snippet:-1, max-image-preview:large, max-video-preview:-1\" \/>\n<link rel=\"canonical\" href=\"https:\/\/arenasposibles.com\/ca\/contacta-arenas-posibles\/\" \/>\n<meta property=\"og:locale\" content=\"ca_ES\" \/>\n<meta property=\"og:type\" content=\"article\" \/>\n<meta property=\"og:title\" content=\"Contacta amb Arenas Posibles | Especialistes en escultures de sorra\" \/>\n<meta property=\"og:description\" content=\"Contacta amb Arenas Posibles i digues en qu\u00e8 podem ajudar-te. Servei integral. Agilitat i comprom\u00eds al 100%. La nostra imaginaci\u00f3 no coneix l\u00edmits!\" \/>\n<meta property=\"og:url\" content=\"https:\/\/arenasposibles.com\/ca\/contacta-arenas-posibles\/\" \/>\n<meta property=\"og:site_name\" content=\"Arenas Posibles\" \/>\n<meta property=\"article:modified_time\" content=\"2021-10-20T09:52:19+00:00\" \/>\n<meta property=\"og:image\" content=\"https:\/\/arenasposibles.com\/wp-content\/uploads\/2020\/05\/plantilla_share_contacta.jpg\" \/>\n\t<meta property=\"og:image:width\" content=\"600\" \/>\n\t<meta property=\"og:image:height\" content=\"315\" \/>\n\t<meta property=\"og:image:type\" content=\"image\/jpeg\" \/>\n<meta name=\"twitter:card\" content=\"summary_large_image\" \/>\n<meta name=\"twitter:label1\" content=\"Temps estimat de lectura\" \/>\n\t<meta name=\"twitter:data1\" content=\"2 minuts\" \/>\n<script type=\"application\/ld+json\" class=\"yoast-schema-graph\">{\"@context\":\"https:\/\/schema.org\",\"@graph\":[{\"@type\":\"WebPage\",\"@id\":\"https:\/\/arenasposibles.com\/ca\/contacta-arenas-posibles\/\",\"url\":\"https:\/\/arenasposibles.com\/ca\/contacta-arenas-posibles\/\",\"name\":\"Contacta amb Arenas Posibles | Especialistes en escultures de sorra\",\"isPartOf\":{\"@id\":\"https:\/\/arenasposibles.com\/ca\/#website\"},\"primaryImageOfPage\":{\"@id\":\"https:\/\/arenasposibles.com\/ca\/contacta-arenas-posibles\/#primaryimage\"},\"image\":{\"@id\":\"https:\/\/arenasposibles.com\/ca\/contacta-arenas-posibles\/#primaryimage\"},\"thumbnailUrl\":\"https:\/\/arenasposibles.com\/wp-content\/uploads\/2020\/05\/plantilla_share_contacta.jpg\",\"datePublished\":\"2020-02-24T14:01:01+00:00\",\"dateModified\":\"2021-10-20T09:52:19+00:00\",\"description\":\"Contacta amb Arenas Posibles i digues en qu\u00e8 podem ajudar-te. Servei integral. Agilitat i comprom\u00eds al 100%. La nostra imaginaci\u00f3 no coneix l\u00edmits!\",\"breadcrumb\":{\"@id\":\"https:\/\/arenasposibles.com\/ca\/contacta-arenas-posibles\/#breadcrumb\"},\"inLanguage\":\"ca\",\"potentialAction\":[{\"@type\":\"ReadAction\",\"target\":[\"https:\/\/arenasposibles.com\/ca\/contacta-arenas-posibles\/\"]}]},{\"@type\":\"ImageObject\",\"inLanguage\":\"ca\",\"@id\":\"https:\/\/arenasposibles.com\/ca\/contacta-arenas-posibles\/#primaryimage\",\"url\":\"https:\/\/arenasposibles.com\/wp-content\/uploads\/2020\/05\/plantilla_share_contacta.jpg\",\"contentUrl\":\"https:\/\/arenasposibles.com\/wp-content\/uploads\/2020\/05\/plantilla_share_contacta.jpg\",\"width\":600,\"height\":315},{\"@type\":\"BreadcrumbList\",\"@id\":\"https:\/\/arenasposibles.com\/ca\/contacta-arenas-posibles\/#breadcrumb\",\"itemListElement\":[{\"@type\":\"ListItem\",\"position\":1,\"name\":\"Inici\",\"item\":\"https:\/\/arenasposibles.com\/ca\/\"},{\"@type\":\"ListItem\",\"position\":2,\"name\":\"Contacta\"}]},{\"@type\":\"WebSite\",\"@id\":\"https:\/\/arenasposibles.com\/ca\/#website\",\"url\":\"https:\/\/arenasposibles.com\/ca\/\",\"name\":\"Arenas Posibles\",\"description\":\"Esculturas de arena profesionales\",\"publisher\":{\"@id\":\"https:\/\/arenasposibles.com\/ca\/#organization\"},\"potentialAction\":[{\"@type\":\"SearchAction\",\"target\":{\"@type\":\"EntryPoint\",\"urlTemplate\":\"https:\/\/arenasposibles.com\/ca\/?s={search_term_string}\"},\"query-input\":{\"@type\":\"PropertyValueSpecification\",\"valueRequired\":true,\"valueName\":\"search_term_string\"}}],\"inLanguage\":\"ca\"},{\"@type\":\"Organization\",\"@id\":\"https:\/\/arenasposibles.com\/ca\/#organization\",\"name\":\"Arenas Posibles\",\"url\":\"https:\/\/arenasposibles.com\/ca\/\",\"logo\":{\"@type\":\"ImageObject\",\"inLanguage\":\"ca\",\"@id\":\"https:\/\/arenasposibles.com\/ca\/#\/schema\/logo\/image\/\",\"url\":\"https:\/\/arenasposibles.com\/wp-content\/uploads\/2020\/02\/logo_main.png\",\"contentUrl\":\"https:\/\/arenasposibles.com\/wp-content\/uploads\/2020\/02\/logo_main.png\",\"width\":614,\"height\":251,\"caption\":\"Arenas Posibles\"},\"image\":{\"@id\":\"https:\/\/arenasposibles.com\/ca\/#\/schema\/logo\/image\/\"}}]}<\/script>\n<!-- \/ Yoast SEO plugin. -->","yoast_head_json":{"title":"Contacta amb Arenas Posibles | Especialistes en escultures de sorra","description":"Contacta amb Arenas Posibles i digues en qu\u00e8 podem ajudar-te. Servei integral. Agilitat i comprom\u00eds al 100%. La nostra imaginaci\u00f3 no coneix l\u00edmits!","robots":{"index":"index","follow":"follow","max-snippet":"max-snippet:-1","max-image-preview":"max-image-preview:large","max-video-preview":"max-video-preview:-1"},"canonical":"https:\/\/arenasposibles.com\/ca\/contacta-arenas-posibles\/","og_locale":"ca_ES","og_type":"article","og_title":"Contacta amb Arenas Posibles | Especialistes en escultures de sorra","og_description":"Contacta amb Arenas Posibles i digues en qu\u00e8 podem ajudar-te. Servei integral. Agilitat i comprom\u00eds al 100%. La nostra imaginaci\u00f3 no coneix l\u00edmits!","og_url":"https:\/\/arenasposibles.com\/ca\/contacta-arenas-posibles\/","og_site_name":"Arenas Posibles","article_modified_time":"2021-10-20T09:52:19+00:00","og_image":[{"width":600,"height":315,"url":"https:\/\/arenasposibles.com\/wp-content\/uploads\/2020\/05\/plantilla_share_contacta.jpg","type":"image\/jpeg"}],"twitter_card":"summary_large_image","twitter_misc":{"Temps estimat de lectura":"2 minuts"},"schema":{"@context":"https:\/\/schema.org","@graph":[{"@type":"WebPage","@id":"https:\/\/arenasposibles.com\/ca\/contacta-arenas-posibles\/","url":"https:\/\/arenasposibles.com\/ca\/contacta-arenas-posibles\/","name":"Contacta amb Arenas Posibles | Especialistes en escultures de sorra","isPartOf":{"@id":"https:\/\/arenasposibles.com\/ca\/#website"},"primaryImageOfPage":{"@id":"https:\/\/arenasposibles.com\/ca\/contacta-arenas-posibles\/#primaryimage"},"image":{"@id":"https:\/\/arenasposibles.com\/ca\/contacta-arenas-posibles\/#primaryimage"},"thumbnailUrl":"https:\/\/arenasposibles.com\/wp-content\/uploads\/2020\/05\/plantilla_share_contacta.jpg","datePublished":"2020-02-24T14:01:01+00:00","dateModified":"2021-10-20T09:52:19+00:00","description":"Contacta amb Arenas Posibles i digues en qu\u00e8 podem ajudar-te. Servei integral. Agilitat i comprom\u00eds al 100%. La nostra imaginaci\u00f3 no coneix l\u00edmits!","breadcrumb":{"@id":"https:\/\/arenasposibles.com\/ca\/contacta-arenas-posibles\/#breadcrumb"},"inLanguage":"ca","potentialAction":[{"@type":"ReadAction","target":["https:\/\/arenasposibles.com\/ca\/contacta-arenas-posibles\/"]}]},{"@type":"ImageObject","inLanguage":"ca","@id":"https:\/\/arenasposibles.com\/ca\/contacta-arenas-posibles\/#primaryimage","url":"https:\/\/arenasposibles.com\/wp-content\/uploads\/2020\/05\/plantilla_share_contacta.jpg","contentUrl":"https:\/\/arenasposibles.com\/wp-content\/uploads\/2020\/05\/plantilla_share_contacta.jpg","width":600,"height":315},{"@type":"BreadcrumbList","@id":"https:\/\/arenasposibles.com\/ca\/contacta-arenas-posibles\/#breadcrumb","itemListElement":[{"@type":"ListItem","position":1,"name":"Inici","item":"https:\/\/arenasposibles.com\/ca\/"},{"@type":"ListItem","position":2,"name":"Contacta"}]},{"@type":"WebSite","@id":"https:\/\/arenasposibles.com\/ca\/#website","url":"https:\/\/arenasposibles.com\/ca\/","name":"Arenas Posibles","description":"Esculturas de arena profesionales","publisher":{"@id":"https:\/\/arenasposibles.com\/ca\/#organization"},"potentialAction":[{"@type":"SearchAction","target":{"@type":"EntryPoint","urlTemplate":"https:\/\/arenasposibles.com\/ca\/?s={search_term_string}"},"query-input":{"@type":"PropertyValueSpecification","valueRequired":true,"valueName":"search_term_string"}}],"inLanguage":"ca"},{"@type":"Organization","@id":"https:\/\/arenasposibles.com\/ca\/#organization","name":"Arenas Posibles","url":"https:\/\/arenasposibles.com\/ca\/","logo":{"@type":"ImageObject","inLanguage":"ca","@id":"https:\/\/arenasposibles.com\/ca\/#\/schema\/logo\/image\/","url":"https:\/\/arenasposibles.com\/wp-content\/uploads\/2020\/02\/logo_main.png","contentUrl":"https:\/\/arenasposibles.com\/wp-content\/uploads\/2020\/02\/logo_main.png","width":614,"height":251,"caption":"Arenas Posibles"},"image":{"@id":"https:\/\/arenasposibles.com\/ca\/#\/schema\/logo\/image\/"}}]}},"_links":{"self":[{"href":"https:\/\/arenasposibles.com\/ca\/wp-json\/wp\/v2\/pages\/2181","targetHints":{"allow":["GET"]}}],"collection":[{"href":"https:\/\/arenasposibles.com\/ca\/wp-json\/wp\/v2\/pages"}],"about":[{"href":"https:\/\/arenasposibles.com\/ca\/wp-json\/wp\/v2\/types\/page"}],"author":[{"embeddable":true,"href":"https:\/\/arenasposibles.com\/ca\/wp-json\/wp\/v2\/users\/1"}],"replies":[{"embeddable":true,"href":"https:\/\/arenasposibles.com\/ca\/wp-json\/wp\/v2\/comments?post=2181"}],"version-history":[{"count":7,"href":"https:\/\/arenasposibles.com\/ca\/wp-json\/wp\/v2\/pages\/2181\/revisions"}],"predecessor-version":[{"id":4070,"href":"https:\/\/arenasposibles.com\/ca\/wp-json\/wp\/v2\/pages\/2181\/revisions\/4070"}],"wp:featuredmedia":[{"embeddable":true,"href":"https:\/\/arenasposibles.com\/ca\/wp-json\/wp\/v2\/media\/3745"}],"wp:attachment":[{"href":"https:\/\/arenasposibles.com\/ca\/wp-json\/wp\/v2\/media?parent=2181"}],"curies":[{"name":"wp","href":"https:\/\/api.w.org\/{rel}","templated":true}]}}