{"id":2190,"date":"2020-02-24T16:01:01","date_gmt":"2020-02-24T14:01:01","guid":{"rendered":"https:\/\/arenasposibles.com\/2020\/preguntes-mes-frequents\/"},"modified":"2020-05-06T08:22:54","modified_gmt":"2020-05-06T07:22:54","slug":"preguntes-mes-frequents","status":"publish","type":"page","link":"https:\/\/arenasposibles.com\/ca\/preguntes-mes-frequents\/","title":{"rendered":"FAQ"},"content":{"rendered":"<div class=\"wpb-content-wrapper\"><p>[vc_row][vc_column][vc_tta_accordion][vc_tta_section title=&#8221;Preparaci\u00f3&#8221; tab_id=&#8221;preparacio&#8221;][vc_column_text]<\/p>\n<h3><strong>Quant de temps es necessita per crear una escultura de sorra?<\/strong><\/h3>\n<p>Cada escultura requereix un temps determinat per ser esculpida adequadament, seguint els nivells de qualitat exigits. La durada de la creaci\u00f3 dep\u00e8n, principalment, de la mida i del detall o dificultat de la feina.<\/p>\n<p>&nbsp;<\/p>\n<p>A <strong>Arenas Posibles<\/strong> som conscients del valor del vostre temps, per aix\u00f2, fem servir la nostra experi\u00e8ncia i constant investigaci\u00f3 per buscar les solucions que ens permetin <strong>adaptar-nos als vostres terminis sense minimitzar la qualitat dels resultats<\/strong>.<\/p>\n<p><strong>\u00a0<\/strong><\/p>\n<h3><strong>Quins materials s&#8217;utilitzen?<\/strong><\/h3>\n<p>La qualitat de la <strong>mat\u00e8ria primera \u00e9s fonamental<\/strong>, ja que no serveix qualsevol tipus de sorra. Tamb\u00e9 s\u00f3n factors clau l&#8217;experi\u00e8ncia i la qualitat escult\u00f2rica a l&#8217;hora d&#8217;aconseguir compactar la sorra i crear figures s\u00f2lides.<\/p>\n<p>&nbsp;<\/p>\n<h3><strong>Qu\u00e8 passa amb l&#8217;escultura un cop finalitzat l&#8217;esdeveniment?<\/strong><\/h3>\n<p>Creem <strong>figures consistents perqu\u00e8 puguin perdurar<\/strong> durant cert temps un cop finalitzat l\u2019esdeveniment. Per\u00f2 si ho desitges, nosaltres mateixos gestionarem la retirada de l\u2019escultura.[\/vc_column_text][\/vc_tta_section][vc_tta_section title=&#8221;Localitzaci\u00f3&#8221; tab_id=&#8221;localitzacio&#8221;][vc_column_text]<\/p>\n<h3><strong>Es poden realitzar escultures de sorra fora de la platja?<\/strong><\/h3>\n<p>S\u00ed, sense cap problema. Tenim localitzada sorra de primera qualitat al voltant del m\u00f3n i, en moltes ocasions, aquesta sorra \u00e9s fins i tot millor que la que es podria trobar directament a la platja. Aix\u00f2 ens permet adaptar-nos a <strong>qualsevol espai interior i exterior de qualsevol lloc del m\u00f3n<\/strong>.[\/vc_column_text][\/vc_tta_section][vc_tta_section title=&#8221;Tem\u00e0tica&#8221; tab_id=&#8221;tematica&#8221;][vc_column_text]<\/p>\n<h3><strong>Es pot escollir qualsevol tema?<\/strong><\/h3>\n<p>Totes les nostres obres s\u00f3n <strong>personalitzades, \u00faniques i adaptades als vostres objectius.<\/strong> La sorra \u00e9s un material que pot comportar certes limitacions a l&#8217;hora de treballar-la, per\u00f2 la nostra experi\u00e8ncia en aquest sector ens permet superar qualsevol dificultat per aconseguir els objectius marcats a l\u2019inici.[\/vc_column_text][\/vc_tta_section][vc_tta_section title=&#8221;Climatologia&#8221; tab_id=&#8221;climatologia&#8221;][vc_column_text]<\/p>\n<h3><strong>Qu\u00e8 passa si plou?<\/strong><\/h3>\n<p>No passa res. Les escultures de sorra s\u00f3n m\u00e9s duradores del que pot semblar, sempre que s\u2019hagin realitzat correctament. Quan plou, l&#8217;aigua de la pluja es drena a trav\u00e9s de la sorra i s&#8217;evapora un cop ha deixat de ploure. A <strong>Arenas Posibles<\/strong>, nom\u00e9s treballem amb <strong>sorra de primera qualitat<\/strong> i amb <strong>elevats est\u00e0ndards t\u00e8cnics<\/strong>. D&#8217;aquesta manera, sota unes condicions meteorol\u00f2giques estables, les nostres figures s\u2019han arribat a preservar fins a cinc mesos sense patir modificacions.[\/vc_column_text][\/vc_tta_section][vc_tta_section title=&#8221;Altres preguntes&#8221; tab_id=&#8221;altres&#8221;][vc_column_text]Si tens m\u00e9s dubtes o vols sol\u00b7licitar un pressupost, <a href=\"https:\/\/arenasposibles.com\/contacta-arenas-posibles\/\"><u>contacta amb nosaltres<\/u><\/a>.[\/vc_column_text][\/vc_tta_section][\/vc_tta_accordion][\/vc_column][\/vc_row]<\/p>\n<\/div>","protected":false},"excerpt":{"rendered":"<p>[vc_row][vc_column][vc_tta_accordion][vc_tta_section title=&#8221;Preparaci\u00f3&#8221; tab_id=&#8221;preparacio&#8221;][vc_column_text] Quant de temps es necessita per crear una escultura de sorra? Cada escultura requereix un temps determinat per ser esculpida adequadament, seguint els nivells de qualitat exigits. La durada de la creaci\u00f3 dep\u00e8n, principalment, de la mida i del detall o dificultat de la feina. &nbsp; A Arenas Posibles som conscients del&hellip;<\/p>\n","protected":false},"author":1,"featured_media":3740,"parent":0,"menu_order":0,"comment_status":"closed","ping_status":"closed","template":"","meta":{"_acf_changed":false,"footnotes":""},"class_list":["post-2190","page","type-page","status-publish","has-post-thumbnail","hentry","description-off"],"acf":[],"yoast_head":"<!-- This site is optimized with the Yoast SEO plugin v26.8 - https:\/\/yoast.com\/product\/yoast-seo-wordpress\/ -->\n<title>Preguntes m\u00e9s freq\u00fcents | Arenas Posibles<\/title>\n<meta name=\"description\" content=\"Consulta les preguntes m\u00e9s freq\u00fcents que ens fan sobre les escultures de sorra. I si et queda algun dubte al tinter, contacta amb nosaltres!\" \/>\n<meta name=\"robots\" content=\"index, follow, max-snippet:-1, max-image-preview:large, max-video-preview:-1\" \/>\n<link rel=\"canonical\" href=\"https:\/\/arenasposibles.com\/ca\/preguntes-mes-frequents\/\" \/>\n<meta property=\"og:locale\" content=\"ca_ES\" \/>\n<meta property=\"og:type\" content=\"article\" \/>\n<meta property=\"og:title\" content=\"Preguntes m\u00e9s freq\u00fcents | Arenas Posibles\" \/>\n<meta property=\"og:description\" content=\"Consulta les preguntes m\u00e9s freq\u00fcents que ens fan sobre les escultures de sorra. I si et queda algun dubte al tinter, contacta amb nosaltres!\" \/>\n<meta property=\"og:url\" content=\"https:\/\/arenasposibles.com\/ca\/preguntes-mes-frequents\/\" \/>\n<meta property=\"og:site_name\" content=\"Arenas Posibles\" \/>\n<meta property=\"article:modified_time\" content=\"2020-05-06T07:22:54+00:00\" \/>\n<meta property=\"og:image\" content=\"https:\/\/arenasposibles.com\/wp-content\/uploads\/2020\/05\/plantilla_share_faqs.jpg\" \/>\n\t<meta property=\"og:image:width\" content=\"600\" \/>\n\t<meta property=\"og:image:height\" content=\"315\" \/>\n\t<meta property=\"og:image:type\" content=\"image\/jpeg\" \/>\n<meta name=\"twitter:card\" content=\"summary_large_image\" \/>\n<meta name=\"twitter:label1\" content=\"Temps estimat de lectura\" \/>\n\t<meta name=\"twitter:data1\" content=\"2 minuts\" \/>\n<script type=\"application\/ld+json\" class=\"yoast-schema-graph\">{\"@context\":\"https:\/\/schema.org\",\"@graph\":[{\"@type\":\"WebPage\",\"@id\":\"https:\/\/arenasposibles.com\/ca\/preguntes-mes-frequents\/\",\"url\":\"https:\/\/arenasposibles.com\/ca\/preguntes-mes-frequents\/\",\"name\":\"Preguntes m\u00e9s freq\u00fcents | Arenas Posibles\",\"isPartOf\":{\"@id\":\"https:\/\/arenasposibles.com\/ca\/#website\"},\"primaryImageOfPage\":{\"@id\":\"https:\/\/arenasposibles.com\/ca\/preguntes-mes-frequents\/#primaryimage\"},\"image\":{\"@id\":\"https:\/\/arenasposibles.com\/ca\/preguntes-mes-frequents\/#primaryimage\"},\"thumbnailUrl\":\"https:\/\/arenasposibles.com\/wp-content\/uploads\/2020\/05\/plantilla_share_faqs.jpg\",\"datePublished\":\"2020-02-24T14:01:01+00:00\",\"dateModified\":\"2020-05-06T07:22:54+00:00\",\"description\":\"Consulta les preguntes m\u00e9s freq\u00fcents que ens fan sobre les escultures de sorra. I si et queda algun dubte al tinter, contacta amb nosaltres!\",\"breadcrumb\":{\"@id\":\"https:\/\/arenasposibles.com\/ca\/preguntes-mes-frequents\/#breadcrumb\"},\"inLanguage\":\"ca\",\"potentialAction\":[{\"@type\":\"ReadAction\",\"target\":[\"https:\/\/arenasposibles.com\/ca\/preguntes-mes-frequents\/\"]}]},{\"@type\":\"ImageObject\",\"inLanguage\":\"ca\",\"@id\":\"https:\/\/arenasposibles.com\/ca\/preguntes-mes-frequents\/#primaryimage\",\"url\":\"https:\/\/arenasposibles.com\/wp-content\/uploads\/2020\/05\/plantilla_share_faqs.jpg\",\"contentUrl\":\"https:\/\/arenasposibles.com\/wp-content\/uploads\/2020\/05\/plantilla_share_faqs.jpg\",\"width\":600,\"height\":315},{\"@type\":\"BreadcrumbList\",\"@id\":\"https:\/\/arenasposibles.com\/ca\/preguntes-mes-frequents\/#breadcrumb\",\"itemListElement\":[{\"@type\":\"ListItem\",\"position\":1,\"name\":\"Inici\",\"item\":\"https:\/\/arenasposibles.com\/ca\/\"},{\"@type\":\"ListItem\",\"position\":2,\"name\":\"FAQ\"}]},{\"@type\":\"WebSite\",\"@id\":\"https:\/\/arenasposibles.com\/ca\/#website\",\"url\":\"https:\/\/arenasposibles.com\/ca\/\",\"name\":\"Arenas Posibles\",\"description\":\"Esculturas de arena profesionales\",\"publisher\":{\"@id\":\"https:\/\/arenasposibles.com\/ca\/#organization\"},\"potentialAction\":[{\"@type\":\"SearchAction\",\"target\":{\"@type\":\"EntryPoint\",\"urlTemplate\":\"https:\/\/arenasposibles.com\/ca\/?s={search_term_string}\"},\"query-input\":{\"@type\":\"PropertyValueSpecification\",\"valueRequired\":true,\"valueName\":\"search_term_string\"}}],\"inLanguage\":\"ca\"},{\"@type\":\"Organization\",\"@id\":\"https:\/\/arenasposibles.com\/ca\/#organization\",\"name\":\"Arenas Posibles\",\"url\":\"https:\/\/arenasposibles.com\/ca\/\",\"logo\":{\"@type\":\"ImageObject\",\"inLanguage\":\"ca\",\"@id\":\"https:\/\/arenasposibles.com\/ca\/#\/schema\/logo\/image\/\",\"url\":\"https:\/\/arenasposibles.com\/wp-content\/uploads\/2020\/02\/logo_main.png\",\"contentUrl\":\"https:\/\/arenasposibles.com\/wp-content\/uploads\/2020\/02\/logo_main.png\",\"width\":614,\"height\":251,\"caption\":\"Arenas Posibles\"},\"image\":{\"@id\":\"https:\/\/arenasposibles.com\/ca\/#\/schema\/logo\/image\/\"}}]}<\/script>\n<!-- \/ Yoast SEO plugin. -->","yoast_head_json":{"title":"Preguntes m\u00e9s freq\u00fcents | Arenas Posibles","description":"Consulta les preguntes m\u00e9s freq\u00fcents que ens fan sobre les escultures de sorra. I si et queda algun dubte al tinter, contacta amb nosaltres!","robots":{"index":"index","follow":"follow","max-snippet":"max-snippet:-1","max-image-preview":"max-image-preview:large","max-video-preview":"max-video-preview:-1"},"canonical":"https:\/\/arenasposibles.com\/ca\/preguntes-mes-frequents\/","og_locale":"ca_ES","og_type":"article","og_title":"Preguntes m\u00e9s freq\u00fcents | Arenas Posibles","og_description":"Consulta les preguntes m\u00e9s freq\u00fcents que ens fan sobre les escultures de sorra. I si et queda algun dubte al tinter, contacta amb nosaltres!","og_url":"https:\/\/arenasposibles.com\/ca\/preguntes-mes-frequents\/","og_site_name":"Arenas Posibles","article_modified_time":"2020-05-06T07:22:54+00:00","og_image":[{"width":600,"height":315,"url":"https:\/\/arenasposibles.com\/wp-content\/uploads\/2020\/05\/plantilla_share_faqs.jpg","type":"image\/jpeg"}],"twitter_card":"summary_large_image","twitter_misc":{"Temps estimat de lectura":"2 minuts"},"schema":{"@context":"https:\/\/schema.org","@graph":[{"@type":"WebPage","@id":"https:\/\/arenasposibles.com\/ca\/preguntes-mes-frequents\/","url":"https:\/\/arenasposibles.com\/ca\/preguntes-mes-frequents\/","name":"Preguntes m\u00e9s freq\u00fcents | Arenas Posibles","isPartOf":{"@id":"https:\/\/arenasposibles.com\/ca\/#website"},"primaryImageOfPage":{"@id":"https:\/\/arenasposibles.com\/ca\/preguntes-mes-frequents\/#primaryimage"},"image":{"@id":"https:\/\/arenasposibles.com\/ca\/preguntes-mes-frequents\/#primaryimage"},"thumbnailUrl":"https:\/\/arenasposibles.com\/wp-content\/uploads\/2020\/05\/plantilla_share_faqs.jpg","datePublished":"2020-02-24T14:01:01+00:00","dateModified":"2020-05-06T07:22:54+00:00","description":"Consulta les preguntes m\u00e9s freq\u00fcents que ens fan sobre les escultures de sorra. I si et queda algun dubte al tinter, contacta amb nosaltres!","breadcrumb":{"@id":"https:\/\/arenasposibles.com\/ca\/preguntes-mes-frequents\/#breadcrumb"},"inLanguage":"ca","potentialAction":[{"@type":"ReadAction","target":["https:\/\/arenasposibles.com\/ca\/preguntes-mes-frequents\/"]}]},{"@type":"ImageObject","inLanguage":"ca","@id":"https:\/\/arenasposibles.com\/ca\/preguntes-mes-frequents\/#primaryimage","url":"https:\/\/arenasposibles.com\/wp-content\/uploads\/2020\/05\/plantilla_share_faqs.jpg","contentUrl":"https:\/\/arenasposibles.com\/wp-content\/uploads\/2020\/05\/plantilla_share_faqs.jpg","width":600,"height":315},{"@type":"BreadcrumbList","@id":"https:\/\/arenasposibles.com\/ca\/preguntes-mes-frequents\/#breadcrumb","itemListElement":[{"@type":"ListItem","position":1,"name":"Inici","item":"https:\/\/arenasposibles.com\/ca\/"},{"@type":"ListItem","position":2,"name":"FAQ"}]},{"@type":"WebSite","@id":"https:\/\/arenasposibles.com\/ca\/#website","url":"https:\/\/arenasposibles.com\/ca\/","name":"Arenas Posibles","description":"Esculturas de arena profesionales","publisher":{"@id":"https:\/\/arenasposibles.com\/ca\/#organization"},"potentialAction":[{"@type":"SearchAction","target":{"@type":"EntryPoint","urlTemplate":"https:\/\/arenasposibles.com\/ca\/?s={search_term_string}"},"query-input":{"@type":"PropertyValueSpecification","valueRequired":true,"valueName":"search_term_string"}}],"inLanguage":"ca"},{"@type":"Organization","@id":"https:\/\/arenasposibles.com\/ca\/#organization","name":"Arenas Posibles","url":"https:\/\/arenasposibles.com\/ca\/","logo":{"@type":"ImageObject","inLanguage":"ca","@id":"https:\/\/arenasposibles.com\/ca\/#\/schema\/logo\/image\/","url":"https:\/\/arenasposibles.com\/wp-content\/uploads\/2020\/02\/logo_main.png","contentUrl":"https:\/\/arenasposibles.com\/wp-content\/uploads\/2020\/02\/logo_main.png","width":614,"height":251,"caption":"Arenas Posibles"},"image":{"@id":"https:\/\/arenasposibles.com\/ca\/#\/schema\/logo\/image\/"}}]}},"_links":{"self":[{"href":"https:\/\/arenasposibles.com\/ca\/wp-json\/wp\/v2\/pages\/2190","targetHints":{"allow":["GET"]}}],"collection":[{"href":"https:\/\/arenasposibles.com\/ca\/wp-json\/wp\/v2\/pages"}],"about":[{"href":"https:\/\/arenasposibles.com\/ca\/wp-json\/wp\/v2\/types\/page"}],"author":[{"embeddable":true,"href":"https:\/\/arenasposibles.com\/ca\/wp-json\/wp\/v2\/users\/1"}],"replies":[{"embeddable":true,"href":"https:\/\/arenasposibles.com\/ca\/wp-json\/wp\/v2\/comments?post=2190"}],"version-history":[{"count":2,"href":"https:\/\/arenasposibles.com\/ca\/wp-json\/wp\/v2\/pages\/2190\/revisions"}],"predecessor-version":[{"id":3743,"href":"https:\/\/arenasposibles.com\/ca\/wp-json\/wp\/v2\/pages\/2190\/revisions\/3743"}],"wp:featuredmedia":[{"embeddable":true,"href":"https:\/\/arenasposibles.com\/ca\/wp-json\/wp\/v2\/media\/3740"}],"wp:attachment":[{"href":"https:\/\/arenasposibles.com\/ca\/wp-json\/wp\/v2\/media?parent=2190"}],"curies":[{"name":"wp","href":"https:\/\/api.w.org\/{rel}","templated":true}]}}